{"id":8981,"date":"2020-02-04T10:49:00","date_gmt":"2020-02-04T09:49:00","guid":{"rendered":"https:\/\/ceaga.com\/?page_id=8981"},"modified":"2023-04-26T16:35:37","modified_gmt":"2023-04-26T14:35:37","slug":"board","status":"publish","type":"page","link":"https:\/\/www.ceaga.com\/en\/board\/","title":{"rendered":"Board"},"content":{"rendered":"\n<p>The CEAGA Foundation is controlled by a Board which consists of a Chairman, a Vice-chairman and six members more. The Board is currently formed by the following members, designated in the CEAGA General Assembly of March 22th 2023:<\/p>\n\n\n<div class=\"row mt-5\" id=\"rowPatronato\">\n\n    \n    <div class=\"col-sm-6 col-lg-4 wow fadeIn mb-3\" data-wow-delay=\"0.3s\" data-wow-offset=\"50\">\n        <div class=\"card\">\n            <img decoding=\"async\" class=\"card-img-top\" src=\"https:\/\/www.ceaga.com\/wp-content\/uploads\/2023\/04\/foto-web-patricia-1.png\" alt=\"Patricia Moreira\">\n            <div class=\"card-body text-center\">\n                <h5 class=\"card-title mb-0\"><strong>CHAIRWOMAN<\/strong><\/h5>\n                <p class=\"card-text\">ZF Group<\/p>\n                <p class=\"mb-0\"><strong>Patricia Moreira<\/strong><\/p>\n                <p class=\"card-text\">Plant Manager<\/p>\n            <\/div>\n        <\/div>\n    <\/div>\n\n    \n    <div class=\"col-sm-6 col-lg-4 wow fadeIn mb-3\" data-wow-delay=\"0.4s\" data-wow-offset=\"50\">\n        <div class=\"card\">\n            <img decoding=\"async\" class=\"card-img-top\" src=\"https:\/\/www.ceaga.com\/wp-content\/uploads\/2023\/04\/Sin-titulo-1-13.58.42-1-e1773066171631.jpg\" alt=\"Jos\u00e9 Luis Alonso Mosquera\">\n            <div class=\"card-body text-center\">\n                <h5 class=\"card-title mb-0\"><strong>VICE-CHAIRMAN<\/strong><\/h5>\n                <p class=\"card-text\">Stellantis Vigo<\/p>\n                <p class=\"mb-0\"><strong>Jos\u00e9 Luis Alonso Mosquera<\/strong><\/p>\n                <p class=\"card-text\">General Director<\/p>\n            <\/div>\n        <\/div>\n    <\/div>\n\n    \n    <div class=\"col-sm-6 col-lg-4 wow fadeIn mb-3\" data-wow-delay=\"0.5s\" data-wow-offset=\"50\">\n        <div class=\"card\">\n            <img decoding=\"async\" class=\"card-img-top\" src=\"https:\/\/www.ceaga.com\/wp-content\/uploads\/2023\/04\/Fran-Yanez_web.jpg\" alt=\"Francisco Y\u00e1\u00f1ez\">\n            <div class=\"card-body text-center\">\n                <h5 class=\"card-title mb-0\"><strong>TREASURER<\/strong><\/h5>\n                <p class=\"card-text\">TI Fluid Systems<\/p>\n                <p class=\"mb-0\"><strong>Francisco Y\u00e1\u00f1ez<\/strong><\/p>\n                <p class=\"card-text\">Plant Manager<\/p>\n            <\/div>\n        <\/div>\n    <\/div>\n\n    \n    <div class=\"col-sm-6 col-lg-4 wow fadeIn mb-3\" data-wow-delay=\"0.6s\" data-wow-offset=\"50\">\n        <div class=\"card\">\n            <img decoding=\"async\" class=\"card-img-top\" src=\"https:\/\/www.ceaga.com\/wp-content\/uploads\/2023\/04\/foto-web-chelo-1.png\" alt=\"Chelo Dom\u00ednguez\">\n            <div class=\"card-body text-center\">\n                <h5 class=\"card-title mb-0\"><strong>BOARD MEMBER<\/strong><\/h5>\n                <p class=\"card-text\">GKN Driveline Vigo<\/p>\n                <p class=\"mb-0\"><strong>Chelo Dom\u00ednguez<\/strong><\/p>\n                <p class=\"card-text\">General Director<\/p>\n            <\/div>\n        <\/div>\n    <\/div>\n\n    \n    <div class=\"col-sm-6 col-lg-4 wow fadeIn mb-3\" data-wow-delay=\"0.7s\" data-wow-offset=\"50\">\n        <div class=\"card\">\n            <img decoding=\"async\" class=\"card-img-top\" src=\"https:\/\/www.ceaga.com\/wp-content\/uploads\/2023\/04\/foto-web-antolin-1.png\" alt=\"Jos\u00e9 Luis Antol\u00edn\">\n            <div class=\"card-body text-center\">\n                <h5 class=\"card-title mb-0\"><strong>BOARD MEMBER<\/strong><\/h5>\n                <p class=\"card-text\">Lear European Holding<\/p>\n                <p class=\"mb-0\"><strong>Jos\u00e9 Luis Antol\u00edn<\/strong><\/p>\n                <p class=\"card-text\">General Director Vigo and Mangualde<\/p>\n            <\/div>\n        <\/div>\n    <\/div>\n\n    \n    <div class=\"col-sm-6 col-lg-4 wow fadeIn mb-3\" data-wow-delay=\"0.8s\" data-wow-offset=\"50\">\n        <div class=\"card\">\n            <img decoding=\"async\" class=\"card-img-top\" src=\"https:\/\/www.ceaga.com\/wp-content\/uploads\/2023\/04\/foto-web-eduardo.png\" alt=\"Eduardo Villanueva\">\n            <div class=\"card-body text-center\">\n                <h5 class=\"card-title mb-0\"><strong>BOARD MEMBER<\/strong><\/h5>\n                <p class=\"card-text\">Plastic Omnium Equipamientos Exteriores<\/p>\n                <p class=\"mb-0\"><strong>Eduardo Villanueva<\/strong><\/p>\n                <p class=\"card-text\">General Director<\/p>\n            <\/div>\n        <\/div>\n    <\/div>\n\n    \n    <div class=\"col-sm-6 col-lg-4 wow fadeIn mb-3\" data-wow-delay=\"0.9s\" data-wow-offset=\"50\">\n        <div class=\"card\">\n            <img decoding=\"async\" class=\"card-img-top\" src=\"https:\/\/www.ceaga.com\/wp-content\/uploads\/2020\/02\/Monica-Andrino2.jpg\" alt=\"M\u00f3nica Andrino\">\n            <div class=\"card-body text-center\">\n                <h5 class=\"card-title mb-0\"><strong>BOARD MEMBER<\/strong><\/h5>\n                <p class=\"card-text\">Stellantis Vigo<\/p>\n                <p class=\"mb-0\"><strong>M\u00f3nica Andrino<\/strong><\/p>\n                <p class=\"card-text\">Master Plan Manager<\/p>\n            <\/div>\n        <\/div>\n    <\/div>\n\n    \n    <div class=\"col-sm-6 col-lg-4 wow fadeIn mb-3\" data-wow-delay=\"1s\" data-wow-offset=\"50\">\n        <div class=\"card\">\n            <img decoding=\"async\" class=\"card-img-top\" src=\"https:\/\/www.ceaga.com\/wp-content\/uploads\/2023\/04\/SoniaCiveira2.png\" alt=\"Sonia Civeira\">\n            <div class=\"card-body text-center\">\n                <h5 class=\"card-title mb-0\"><strong>BOARD MEMBER<\/strong><\/h5>\n                <p class=\"card-text\">Borgwarner Emissions Systems<\/p>\n                <p class=\"mb-0\"><strong>Sonia Civeira<\/strong><\/p>\n                <p class=\"card-text\">EGM Chief Engineer<\/p>\n            <\/div>\n        <\/div>\n    <\/div>\n\n    \n    <div class=\"col-sm-6 col-lg-4 wow fadeIn mb-3\" data-wow-delay=\"1.1s\" data-wow-offset=\"50\">\n        <div class=\"card\">\n            <img decoding=\"async\" class=\"card-img-top\" src=\"https:\/\/www.ceaga.com\/wp-content\/uploads\/2023\/04\/canitrot-e1749650986764.png\" alt=\"Manuel Canitrot\">\n            <div class=\"card-body text-center\">\n                <h5 class=\"card-title mb-0\"><strong>BOARD MEMBER<\/strong><\/h5>\n                <p class=\"card-text\">TB Spain Injection (TBSI)<\/p>\n                <p class=\"mb-0\"><strong>Manuel Canitrot<\/strong><\/p>\n                <p class=\"card-text\">Plant Manager<\/p>\n            <\/div>\n        <\/div>\n    <\/div>\n\n    \n    <div class=\"col-sm-6 col-lg-4 wow fadeIn mb-3\" data-wow-delay=\"1.2s\" data-wow-offset=\"50\">\n        <div class=\"card\">\n            <img decoding=\"async\" class=\"card-img-top\" src=\"https:\/\/www.ceaga.com\/wp-content\/uploads\/2020\/02\/Luis-Moreno2-2.jpg\" alt=\"Lu\u00eds Moreno\">\n            <div class=\"card-body text-center\">\n                <h5 class=\"card-title mb-0\"><strong>BOARD MEMBER<\/strong><\/h5>\n                <p class=\"card-text\">Fundaci\u00f3n CTAG<\/p>\n                <p class=\"mb-0\"><strong>Lu\u00eds Moreno<\/strong><\/p>\n                <p class=\"card-text\">General Director<\/p>\n            <\/div>\n        <\/div>\n    <\/div>\n\n    \n    <div class=\"col-sm-6 col-lg-4 wow fadeIn mb-3\" data-wow-delay=\"1.3s\" data-wow-offset=\"50\">\n        <div class=\"card\">\n            <img decoding=\"async\" class=\"card-img-top\" src=\"https:\/\/www.ceaga.com\/wp-content\/uploads\/2023\/04\/AlbertoCominges_Patronato-1.jpg\" alt=\"Alberto Cominges\">\n            <div class=\"card-body text-center\">\n                <h5 class=\"card-title mb-0\"><strong>SECRETARY<\/strong><\/h5>\n                <p class=\"card-text\">CEAGA<\/p>\n                <p class=\"mb-0\"><strong>Alberto Cominges<\/strong><\/p>\n                <p class=\"card-text\">Director<\/p>\n            <\/div>\n        <\/div>\n    <\/div>\n\n    \n<\/div>","protected":false},"excerpt":{"rendered":"<p>The CEAGA Foundation is controlled by a Board which consists of a Chairman, a Vice-chairman and six members more. The Board is currently formed by the following members, designated in the CEAGA General Assembly of March 22th 2023:<\/p>\n","protected":false},"author":47,"featured_media":0,"parent":0,"menu_order":0,"comment_status":"closed","ping_status":"closed","template":"","meta":{"_acf_changed":false,"footnotes":""},"acf":[],"yoast_head":"<!-- This site is optimized with the Yoast SEO plugin v23.0 - https:\/\/yoast.com\/wordpress\/plugins\/seo\/ -->\n<title>Board - CEAGA. Cluster de Automocion y Movilidad de Galicia<\/title>\n<meta name=\"robots\" content=\"index, follow, max-snippet:-1, max-image-preview:large, max-video-preview:-1\" \/>\n<link rel=\"canonical\" href=\"https:\/\/www.ceaga.com\/en\/board\/\" \/>\n<meta property=\"og:locale\" content=\"en_US\" \/>\n<meta property=\"og:type\" content=\"article\" \/>\n<meta property=\"og:title\" content=\"Board - CEAGA. Cluster de Automocion y Movilidad de Galicia\" \/>\n<meta property=\"og:description\" content=\"The CEAGA Foundation is controlled by a Board which consists of a Chairman, a Vice-chairman and six members more. The Board is currently formed by the following members, designated in the CEAGA General Assembly of March 22th 2023:\" \/>\n<meta property=\"og:url\" content=\"https:\/\/www.ceaga.com\/en\/board\/\" \/>\n<meta property=\"og:site_name\" content=\"CEAGA. Cluster de Automocion y Movilidad de Galicia\" \/>\n<meta property=\"article:modified_time\" content=\"2023-04-26T14:35:37+00:00\" \/>\n<meta name=\"twitter:card\" content=\"summary_large_image\" \/>\n<meta name=\"twitter:label1\" content=\"Est. reading time\" \/>\n\t<meta name=\"twitter:data1\" content=\"1 minute\" \/>\n<script type=\"application\/ld+json\" class=\"yoast-schema-graph\">{\"@context\":\"https:\/\/schema.org\",\"@graph\":[{\"@type\":\"WebPage\",\"@id\":\"https:\/\/www.ceaga.com\/en\/board\/\",\"url\":\"https:\/\/www.ceaga.com\/en\/board\/\",\"name\":\"Board - CEAGA. Cluster de Automocion y Movilidad de Galicia\",\"isPartOf\":{\"@id\":\"https:\/\/www.ceaga.com\/en\/#website\"},\"datePublished\":\"2020-02-04T09:49:00+00:00\",\"dateModified\":\"2023-04-26T14:35:37+00:00\",\"breadcrumb\":{\"@id\":\"https:\/\/www.ceaga.com\/en\/board\/#breadcrumb\"},\"inLanguage\":\"en-US\",\"potentialAction\":[{\"@type\":\"ReadAction\",\"target\":[\"https:\/\/www.ceaga.com\/en\/board\/\"]}]},{\"@type\":\"BreadcrumbList\",\"@id\":\"https:\/\/www.ceaga.com\/en\/board\/#breadcrumb\",\"itemListElement\":[{\"@type\":\"ListItem\",\"position\":1,\"name\":\"Portada\",\"item\":\"https:\/\/www.ceaga.com\/en\/\"},{\"@type\":\"ListItem\",\"position\":2,\"name\":\"Board\"}]},{\"@type\":\"WebSite\",\"@id\":\"https:\/\/www.ceaga.com\/en\/#website\",\"url\":\"https:\/\/www.ceaga.com\/en\/\",\"name\":\"CEAGA. Cluster de Automoci\u00f3n y Movilidad de Galicia\",\"description\":\"CEAGA atesora a\u00f1os de experiencia en la puesta en marcha de proyectos colaborativos de alto impacto. Actualmente, damos soporte y apoyo estrat\u00e9gico en cluster management a otras entidades a nivel nacional e internacional. Para m\u00e1s info, solicita una reuni\u00f3n a trav\u00e9s de: ceaga@ceaga.com\",\"potentialAction\":[{\"@type\":\"SearchAction\",\"target\":{\"@type\":\"EntryPoint\",\"urlTemplate\":\"https:\/\/www.ceaga.com\/en\/?s={search_term_string}\"},\"query-input\":\"required name=search_term_string\"}],\"inLanguage\":\"en-US\"}]}<\/script>\n<!-- \/ Yoast SEO plugin. -->","yoast_head_json":{"title":"Board - CEAGA. Cluster de Automocion y Movilidad de Galicia","robots":{"index":"index","follow":"follow","max-snippet":"max-snippet:-1","max-image-preview":"max-image-preview:large","max-video-preview":"max-video-preview:-1"},"canonical":"https:\/\/www.ceaga.com\/en\/board\/","og_locale":"en_US","og_type":"article","og_title":"Board - CEAGA. Cluster de Automocion y Movilidad de Galicia","og_description":"The CEAGA Foundation is controlled by a Board which consists of a Chairman, a Vice-chairman and six members more. The Board is currently formed by the following members, designated in the CEAGA General Assembly of March 22th 2023:","og_url":"https:\/\/www.ceaga.com\/en\/board\/","og_site_name":"CEAGA. Cluster de Automocion y Movilidad de Galicia","article_modified_time":"2023-04-26T14:35:37+00:00","twitter_card":"summary_large_image","twitter_misc":{"Est. reading time":"1 minute"},"schema":{"@context":"https:\/\/schema.org","@graph":[{"@type":"WebPage","@id":"https:\/\/www.ceaga.com\/en\/board\/","url":"https:\/\/www.ceaga.com\/en\/board\/","name":"Board - CEAGA. Cluster de Automocion y Movilidad de Galicia","isPartOf":{"@id":"https:\/\/www.ceaga.com\/en\/#website"},"datePublished":"2020-02-04T09:49:00+00:00","dateModified":"2023-04-26T14:35:37+00:00","breadcrumb":{"@id":"https:\/\/www.ceaga.com\/en\/board\/#breadcrumb"},"inLanguage":"en-US","potentialAction":[{"@type":"ReadAction","target":["https:\/\/www.ceaga.com\/en\/board\/"]}]},{"@type":"BreadcrumbList","@id":"https:\/\/www.ceaga.com\/en\/board\/#breadcrumb","itemListElement":[{"@type":"ListItem","position":1,"name":"Portada","item":"https:\/\/www.ceaga.com\/en\/"},{"@type":"ListItem","position":2,"name":"Board"}]},{"@type":"WebSite","@id":"https:\/\/www.ceaga.com\/en\/#website","url":"https:\/\/www.ceaga.com\/en\/","name":"CEAGA. Cluster de Automoci\u00f3n y Movilidad de Galicia","description":"CEAGA atesora a\u00f1os de experiencia en la puesta en marcha de proyectos colaborativos de alto impacto. Actualmente, damos soporte y apoyo estrat\u00e9gico en cluster management a otras entidades a nivel nacional e internacional. Para m\u00e1s info, solicita una reuni\u00f3n a trav\u00e9s de: ceaga@ceaga.com","potentialAction":[{"@type":"SearchAction","target":{"@type":"EntryPoint","urlTemplate":"https:\/\/www.ceaga.com\/en\/?s={search_term_string}"},"query-input":"required name=search_term_string"}],"inLanguage":"en-US"}]}},"_links":{"self":[{"href":"https:\/\/www.ceaga.com\/en\/wp-json\/wp\/v2\/pages\/8981"}],"collection":[{"href":"https:\/\/www.ceaga.com\/en\/wp-json\/wp\/v2\/pages"}],"about":[{"href":"https:\/\/www.ceaga.com\/en\/wp-json\/wp\/v2\/types\/page"}],"author":[{"embeddable":true,"href":"https:\/\/www.ceaga.com\/en\/wp-json\/wp\/v2\/users\/47"}],"replies":[{"embeddable":true,"href":"https:\/\/www.ceaga.com\/en\/wp-json\/wp\/v2\/comments?post=8981"}],"version-history":[{"count":4,"href":"https:\/\/www.ceaga.com\/en\/wp-json\/wp\/v2\/pages\/8981\/revisions"}],"predecessor-version":[{"id":20819,"href":"https:\/\/www.ceaga.com\/en\/wp-json\/wp\/v2\/pages\/8981\/revisions\/20819"}],"wp:attachment":[{"href":"https:\/\/www.ceaga.com\/en\/wp-json\/wp\/v2\/media?parent=8981"}],"curies":[{"name":"wp","href":"https:\/\/api.w.org\/{rel}","templated":true}]}}