{"id":2792,"date":"2020-01-28T11:49:59","date_gmt":"2020-01-28T10:49:59","guid":{"rendered":"https:\/\/ceaga.com\/?page_id=2792"},"modified":"2020-02-20T14:23:14","modified_gmt":"2020-02-20T13:23:14","slug":"recuperar-password","status":"publish","type":"page","link":"https:\/\/www.ceaga.com\/en\/recuperar-password\/","title":{"rendered":"Recuperar contrase\u00f1a"},"content":{"rendered":"\n<div class=\"wp-block-hacce-wrapper fondo-gris\"><div class=\"entrar_form\">\n\t<form action=\"\/wp-content\/themes\/haccematerial\/recuperar-contrasena.php\" method=\"post\" class=\"wpcf7-form \" novalidate=\"novalidate\">\n\t\t<div class=\"form-group\">\n\t\t\t<h5>Para recuperar tu contrase\u00f1a introduce tu email <\/h5>\n\t\t<\/div>\n\t\t<div class=\"form-group\">\n\t\t\t<input type=\"email\" name=\"tu-email\" value=\"\" size=\"40\" class=\"wpcf7-form-control wpcf7-text wpcf7-email wpcf7-validates-as-required wpcf7-validates-as-email form-control\" aria-required=\"true\" aria-invalid=\"false\">\n\t\t<\/div>\n\t\t\t\t<span class=\"waves-input-wrapper waves-effect waves-light btn-full\">\n\t\t\t<input type=\"submit\" value=\"Recuperar contrase\u00f1a\" class=\"wpcf7-form-control wpcf7-submit btn btn-oscuro\" \/>\n\t\t<\/span>\n\t<\/form>\n<\/div><\/div>\n","protected":false},"excerpt":{"rendered":"","protected":false},"author":47,"featured_media":0,"parent":0,"menu_order":0,"comment_status":"closed","ping_status":"closed","template":"","meta":{"_acf_changed":false,"footnotes":""},"acf":[],"yoast_head":"<!-- This site is optimized with the Yoast SEO plugin v23.0 - https:\/\/yoast.com\/wordpress\/plugins\/seo\/ -->\n<title>Recuperar contrase\u00f1a - CEAGA. Cluster de Automocion y Movilidad de Galicia<\/title>\n<meta name=\"robots\" content=\"index, follow, max-snippet:-1, max-image-preview:large, max-video-preview:-1\" \/>\n<link rel=\"canonical\" href=\"https:\/\/www.ceaga.com\/en\/recuperar-password\/\" \/>\n<meta property=\"og:locale\" content=\"en_US\" \/>\n<meta property=\"og:type\" content=\"article\" \/>\n<meta property=\"og:title\" content=\"Recuperar contrase\u00f1a - CEAGA. Cluster de Automocion y Movilidad de Galicia\" \/>\n<meta property=\"og:url\" content=\"https:\/\/www.ceaga.com\/en\/recuperar-password\/\" \/>\n<meta property=\"og:site_name\" content=\"CEAGA. Cluster de Automocion y Movilidad de Galicia\" \/>\n<meta property=\"article:modified_time\" content=\"2020-02-20T13:23:14+00:00\" \/>\n<meta name=\"twitter:card\" content=\"summary_large_image\" \/>\n<script type=\"application\/ld+json\" class=\"yoast-schema-graph\">{\"@context\":\"https:\/\/schema.org\",\"@graph\":[{\"@type\":\"WebPage\",\"@id\":\"https:\/\/www.ceaga.com\/en\/recuperar-password\/\",\"url\":\"https:\/\/www.ceaga.com\/en\/recuperar-password\/\",\"name\":\"Recuperar contrase\u00f1a - CEAGA. Cluster de Automocion y Movilidad de Galicia\",\"isPartOf\":{\"@id\":\"https:\/\/www.ceaga.com\/en\/#website\"},\"datePublished\":\"2020-01-28T10:49:59+00:00\",\"dateModified\":\"2020-02-20T13:23:14+00:00\",\"breadcrumb\":{\"@id\":\"https:\/\/www.ceaga.com\/en\/recuperar-password\/#breadcrumb\"},\"inLanguage\":\"en-US\",\"potentialAction\":[{\"@type\":\"ReadAction\",\"target\":[\"https:\/\/www.ceaga.com\/en\/recuperar-password\/\"]}]},{\"@type\":\"BreadcrumbList\",\"@id\":\"https:\/\/www.ceaga.com\/en\/recuperar-password\/#breadcrumb\",\"itemListElement\":[{\"@type\":\"ListItem\",\"position\":1,\"name\":\"Portada\",\"item\":\"https:\/\/www.ceaga.com\/en\/\"},{\"@type\":\"ListItem\",\"position\":2,\"name\":\"Recuperar contrase\u00f1a\"}]},{\"@type\":\"WebSite\",\"@id\":\"https:\/\/www.ceaga.com\/en\/#website\",\"url\":\"https:\/\/www.ceaga.com\/en\/\",\"name\":\"CEAGA. Cluster de Automoci\u00f3n y Movilidad de Galicia\",\"description\":\"CEAGA atesora a\u00f1os de experiencia en la puesta en marcha de proyectos colaborativos de alto impacto. Actualmente, damos soporte y apoyo estrat\u00e9gico en cluster management a otras entidades a nivel nacional e internacional. Para m\u00e1s info, solicita una reuni\u00f3n a trav\u00e9s de: ceaga@ceaga.com\",\"potentialAction\":[{\"@type\":\"SearchAction\",\"target\":{\"@type\":\"EntryPoint\",\"urlTemplate\":\"https:\/\/www.ceaga.com\/en\/?s={search_term_string}\"},\"query-input\":\"required name=search_term_string\"}],\"inLanguage\":\"en-US\"}]}<\/script>\n<!-- \/ Yoast SEO plugin. -->","yoast_head_json":{"title":"Recuperar contrase\u00f1a - CEAGA. Cluster de Automocion y Movilidad de Galicia","robots":{"index":"index","follow":"follow","max-snippet":"max-snippet:-1","max-image-preview":"max-image-preview:large","max-video-preview":"max-video-preview:-1"},"canonical":"https:\/\/www.ceaga.com\/en\/recuperar-password\/","og_locale":"en_US","og_type":"article","og_title":"Recuperar contrase\u00f1a - CEAGA. Cluster de Automocion y Movilidad de Galicia","og_url":"https:\/\/www.ceaga.com\/en\/recuperar-password\/","og_site_name":"CEAGA. Cluster de Automocion y Movilidad de Galicia","article_modified_time":"2020-02-20T13:23:14+00:00","twitter_card":"summary_large_image","schema":{"@context":"https:\/\/schema.org","@graph":[{"@type":"WebPage","@id":"https:\/\/www.ceaga.com\/en\/recuperar-password\/","url":"https:\/\/www.ceaga.com\/en\/recuperar-password\/","name":"Recuperar contrase\u00f1a - CEAGA. Cluster de Automocion y Movilidad de Galicia","isPartOf":{"@id":"https:\/\/www.ceaga.com\/en\/#website"},"datePublished":"2020-01-28T10:49:59+00:00","dateModified":"2020-02-20T13:23:14+00:00","breadcrumb":{"@id":"https:\/\/www.ceaga.com\/en\/recuperar-password\/#breadcrumb"},"inLanguage":"en-US","potentialAction":[{"@type":"ReadAction","target":["https:\/\/www.ceaga.com\/en\/recuperar-password\/"]}]},{"@type":"BreadcrumbList","@id":"https:\/\/www.ceaga.com\/en\/recuperar-password\/#breadcrumb","itemListElement":[{"@type":"ListItem","position":1,"name":"Portada","item":"https:\/\/www.ceaga.com\/en\/"},{"@type":"ListItem","position":2,"name":"Recuperar contrase\u00f1a"}]},{"@type":"WebSite","@id":"https:\/\/www.ceaga.com\/en\/#website","url":"https:\/\/www.ceaga.com\/en\/","name":"CEAGA. Cluster de Automoci\u00f3n y Movilidad de Galicia","description":"CEAGA atesora a\u00f1os de experiencia en la puesta en marcha de proyectos colaborativos de alto impacto. Actualmente, damos soporte y apoyo estrat\u00e9gico en cluster management a otras entidades a nivel nacional e internacional. Para m\u00e1s info, solicita una reuni\u00f3n a trav\u00e9s de: ceaga@ceaga.com","potentialAction":[{"@type":"SearchAction","target":{"@type":"EntryPoint","urlTemplate":"https:\/\/www.ceaga.com\/en\/?s={search_term_string}"},"query-input":"required name=search_term_string"}],"inLanguage":"en-US"}]}},"_links":{"self":[{"href":"https:\/\/www.ceaga.com\/en\/wp-json\/wp\/v2\/pages\/2792"}],"collection":[{"href":"https:\/\/www.ceaga.com\/en\/wp-json\/wp\/v2\/pages"}],"about":[{"href":"https:\/\/www.ceaga.com\/en\/wp-json\/wp\/v2\/types\/page"}],"author":[{"embeddable":true,"href":"https:\/\/www.ceaga.com\/en\/wp-json\/wp\/v2\/users\/47"}],"replies":[{"embeddable":true,"href":"https:\/\/www.ceaga.com\/en\/wp-json\/wp\/v2\/comments?post=2792"}],"version-history":[{"count":1,"href":"https:\/\/www.ceaga.com\/en\/wp-json\/wp\/v2\/pages\/2792\/revisions"}],"predecessor-version":[{"id":12755,"href":"https:\/\/www.ceaga.com\/en\/wp-json\/wp\/v2\/pages\/2792\/revisions\/12755"}],"wp:attachment":[{"href":"https:\/\/www.ceaga.com\/en\/wp-json\/wp\/v2\/media?parent=2792"}],"curies":[{"name":"wp","href":"https:\/\/api.w.org\/{rel}","templated":true}]}}