{"id":21100,"date":"2023-07-21T15:00:04","date_gmt":"2023-07-21T13:00:04","guid":{"rendered":"https:\/\/www.ceaga.com\/?page_id=21100"},"modified":"2023-07-24T17:07:10","modified_gmt":"2023-07-24T15:07:10","slug":"complaints-channel","status":"publish","type":"page","link":"https:\/\/www.ceaga.com\/en\/complaints-channel\/","title":{"rendered":"Complaints channel"},"content":{"rendered":"\n<p>Targatis is the only internal channel of CEAGA, so it is the preferred channel to report on actions or omissions that may constitute a serious or very serious criminal or administrative offense or of European Union Law as established by the Protection Law to the Informant.<\/p>\n\n\n\n<p>Targatis guarantees the anonymity and confidentiality of the informant, establishing in CEAGA a management procedure whose essential principles are objectivity, impartiality, independence, protection of the whistleblower, transparency and respect for legality.&#8221;<\/p>\n\n\n\n<p>For more information regarding the Internal Information System of CEAGA:<\/p>\n\n\n\n<div class=\"wp-block-buttons is-content-justification-left is-layout-flex wp-container-core-buttons-is-layout-1 wp-block-buttons-is-layout-flex\">\n<div class=\"wp-block-button is-style-fill\"><a class=\"wp-block-button__link has-background wp-element-button\" href=\"https:\/\/www.ceaga.com\/wp-content\/uploads\/2023\/07\/PoliticaSII.pdf\" style=\"border-radius:0px;background-color:#0084a4\" target=\"_blank\" rel=\"noreferrer noopener\">Internal information System Policy<\/a><\/div>\n<\/div>\n\n\n\n<p><\/p>\n\n\n\n<p>For more information on the use of the Internal Information Channel:<\/p>\n\n\n\n<div class=\"wp-block-buttons is-content-justification-left is-layout-flex wp-container-core-buttons-is-layout-2 wp-block-buttons-is-layout-flex\">\n<div class=\"wp-block-button is-style-fill\"><a class=\"wp-block-button__link has-background wp-element-button\" href=\"https:\/\/www.ceaga.com\/wp-content\/uploads\/2023\/07\/ManualUsoCanalEtico.pdf\" style=\"border-radius:0px;background-color:#0084a4\" target=\"_blank\" rel=\"noreferrer noopener\">Internal channel User Manual<\/a><\/div>\n<\/div>\n\n\n\n<p><\/p>\n\n\n\n<p>By clicking on the following link you are leaving the CEAGA website and will be redirected to Targatis, where you can communicate the desired information confidentially or anonymously:<\/p>\n\n\n\n<div class=\"wp-block-buttons is-content-justification-left is-layout-flex wp-container-core-buttons-is-layout-3 wp-block-buttons-is-layout-flex\">\n<div class=\"wp-block-button is-style-fill\"><a class=\"wp-block-button__link has-background wp-element-button\" href=\"https:\/\/comunicaciones.targatis.com\/\" style=\"border-radius:0px;background-color:#0084a4\" target=\"_blank\" rel=\"noreferrer noopener\">Internal channel Targatis<\/a><\/div>\n<\/div>\n\n\n\n<p><\/p>\n\n\n\n<p>We remind you that your data will be processed by the law firm Waterwhale Europe, S.L.P. and they will never be revealed to CEAGA.<\/p>\n","protected":false},"excerpt":{"rendered":"<p>Targatis is the only internal channel of CEAGA, so it is the preferred channel to report on actions or omissions that may constitute a serious or very serious criminal or administrative offense or of European Union Law as established by the Protection Law to the Informant. Targatis guarantees the anonymity and confidentiality of the informant, [&hellip;]<\/p>\n","protected":false},"author":64,"featured_media":0,"parent":0,"menu_order":0,"comment_status":"closed","ping_status":"closed","template":"","meta":{"_acf_changed":false,"footnotes":""},"acf":[],"yoast_head":"<!-- This site is optimized with the Yoast SEO plugin v23.0 - https:\/\/yoast.com\/wordpress\/plugins\/seo\/ -->\n<title>Complaints channel - CEAGA. Cluster de Automocion y Movilidad de Galicia<\/title>\n<meta name=\"robots\" content=\"index, follow, max-snippet:-1, max-image-preview:large, max-video-preview:-1\" \/>\n<link rel=\"canonical\" href=\"https:\/\/www.ceaga.com\/en\/complaints-channel\/\" \/>\n<meta property=\"og:locale\" content=\"en_US\" \/>\n<meta property=\"og:type\" content=\"article\" \/>\n<meta property=\"og:title\" content=\"Complaints channel - CEAGA. Cluster de Automocion y Movilidad de Galicia\" \/>\n<meta property=\"og:description\" content=\"Targatis is the only internal channel of CEAGA, so it is the preferred channel to report on actions or omissions that may constitute a serious or very serious criminal or administrative offense or of European Union Law as established by the Protection Law to the Informant. Targatis guarantees the anonymity and confidentiality of the informant, [&hellip;]\" \/>\n<meta property=\"og:url\" content=\"https:\/\/www.ceaga.com\/en\/complaints-channel\/\" \/>\n<meta property=\"og:site_name\" content=\"CEAGA. Cluster de Automocion y Movilidad de Galicia\" \/>\n<meta property=\"article:modified_time\" content=\"2023-07-24T15:07:10+00:00\" \/>\n<meta name=\"twitter:card\" content=\"summary_large_image\" \/>\n<meta name=\"twitter:label1\" content=\"Est. reading time\" \/>\n\t<meta name=\"twitter:data1\" content=\"1 minute\" \/>\n<script type=\"application\/ld+json\" class=\"yoast-schema-graph\">{\"@context\":\"https:\/\/schema.org\",\"@graph\":[{\"@type\":\"WebPage\",\"@id\":\"https:\/\/www.ceaga.com\/en\/complaints-channel\/\",\"url\":\"https:\/\/www.ceaga.com\/en\/complaints-channel\/\",\"name\":\"Complaints channel - CEAGA. Cluster de Automocion y Movilidad de Galicia\",\"isPartOf\":{\"@id\":\"https:\/\/www.ceaga.com\/en\/#website\"},\"datePublished\":\"2023-07-21T13:00:04+00:00\",\"dateModified\":\"2023-07-24T15:07:10+00:00\",\"breadcrumb\":{\"@id\":\"https:\/\/www.ceaga.com\/en\/complaints-channel\/#breadcrumb\"},\"inLanguage\":\"en-US\",\"potentialAction\":[{\"@type\":\"ReadAction\",\"target\":[\"https:\/\/www.ceaga.com\/en\/complaints-channel\/\"]}]},{\"@type\":\"BreadcrumbList\",\"@id\":\"https:\/\/www.ceaga.com\/en\/complaints-channel\/#breadcrumb\",\"itemListElement\":[{\"@type\":\"ListItem\",\"position\":1,\"name\":\"Portada\",\"item\":\"https:\/\/www.ceaga.com\/en\/\"},{\"@type\":\"ListItem\",\"position\":2,\"name\":\"Complaints channel\"}]},{\"@type\":\"WebSite\",\"@id\":\"https:\/\/www.ceaga.com\/en\/#website\",\"url\":\"https:\/\/www.ceaga.com\/en\/\",\"name\":\"CEAGA. Cluster de Automoci\u00f3n y Movilidad de Galicia\",\"description\":\"CEAGA atesora a\u00f1os de experiencia en la puesta en marcha de proyectos colaborativos de alto impacto. Actualmente, damos soporte y apoyo estrat\u00e9gico en cluster management a otras entidades a nivel nacional e internacional. Para m\u00e1s info, solicita una reuni\u00f3n a trav\u00e9s de: ceaga@ceaga.com\",\"potentialAction\":[{\"@type\":\"SearchAction\",\"target\":{\"@type\":\"EntryPoint\",\"urlTemplate\":\"https:\/\/www.ceaga.com\/en\/?s={search_term_string}\"},\"query-input\":\"required name=search_term_string\"}],\"inLanguage\":\"en-US\"}]}<\/script>\n<!-- \/ Yoast SEO plugin. -->","yoast_head_json":{"title":"Complaints channel - CEAGA. Cluster de Automocion y Movilidad de Galicia","robots":{"index":"index","follow":"follow","max-snippet":"max-snippet:-1","max-image-preview":"max-image-preview:large","max-video-preview":"max-video-preview:-1"},"canonical":"https:\/\/www.ceaga.com\/en\/complaints-channel\/","og_locale":"en_US","og_type":"article","og_title":"Complaints channel - CEAGA. Cluster de Automocion y Movilidad de Galicia","og_description":"Targatis is the only internal channel of CEAGA, so it is the preferred channel to report on actions or omissions that may constitute a serious or very serious criminal or administrative offense or of European Union Law as established by the Protection Law to the Informant. Targatis guarantees the anonymity and confidentiality of the informant, [&hellip;]","og_url":"https:\/\/www.ceaga.com\/en\/complaints-channel\/","og_site_name":"CEAGA. Cluster de Automocion y Movilidad de Galicia","article_modified_time":"2023-07-24T15:07:10+00:00","twitter_card":"summary_large_image","twitter_misc":{"Est. reading time":"1 minute"},"schema":{"@context":"https:\/\/schema.org","@graph":[{"@type":"WebPage","@id":"https:\/\/www.ceaga.com\/en\/complaints-channel\/","url":"https:\/\/www.ceaga.com\/en\/complaints-channel\/","name":"Complaints channel - CEAGA. Cluster de Automocion y Movilidad de Galicia","isPartOf":{"@id":"https:\/\/www.ceaga.com\/en\/#website"},"datePublished":"2023-07-21T13:00:04+00:00","dateModified":"2023-07-24T15:07:10+00:00","breadcrumb":{"@id":"https:\/\/www.ceaga.com\/en\/complaints-channel\/#breadcrumb"},"inLanguage":"en-US","potentialAction":[{"@type":"ReadAction","target":["https:\/\/www.ceaga.com\/en\/complaints-channel\/"]}]},{"@type":"BreadcrumbList","@id":"https:\/\/www.ceaga.com\/en\/complaints-channel\/#breadcrumb","itemListElement":[{"@type":"ListItem","position":1,"name":"Portada","item":"https:\/\/www.ceaga.com\/en\/"},{"@type":"ListItem","position":2,"name":"Complaints channel"}]},{"@type":"WebSite","@id":"https:\/\/www.ceaga.com\/en\/#website","url":"https:\/\/www.ceaga.com\/en\/","name":"CEAGA. Cluster de Automoci\u00f3n y Movilidad de Galicia","description":"CEAGA atesora a\u00f1os de experiencia en la puesta en marcha de proyectos colaborativos de alto impacto. Actualmente, damos soporte y apoyo estrat\u00e9gico en cluster management a otras entidades a nivel nacional e internacional. Para m\u00e1s info, solicita una reuni\u00f3n a trav\u00e9s de: ceaga@ceaga.com","potentialAction":[{"@type":"SearchAction","target":{"@type":"EntryPoint","urlTemplate":"https:\/\/www.ceaga.com\/en\/?s={search_term_string}"},"query-input":"required name=search_term_string"}],"inLanguage":"en-US"}]}},"_links":{"self":[{"href":"https:\/\/www.ceaga.com\/en\/wp-json\/wp\/v2\/pages\/21100"}],"collection":[{"href":"https:\/\/www.ceaga.com\/en\/wp-json\/wp\/v2\/pages"}],"about":[{"href":"https:\/\/www.ceaga.com\/en\/wp-json\/wp\/v2\/types\/page"}],"author":[{"embeddable":true,"href":"https:\/\/www.ceaga.com\/en\/wp-json\/wp\/v2\/users\/64"}],"replies":[{"embeddable":true,"href":"https:\/\/www.ceaga.com\/en\/wp-json\/wp\/v2\/comments?post=21100"}],"version-history":[{"count":10,"href":"https:\/\/www.ceaga.com\/en\/wp-json\/wp\/v2\/pages\/21100\/revisions"}],"predecessor-version":[{"id":21125,"href":"https:\/\/www.ceaga.com\/en\/wp-json\/wp\/v2\/pages\/21100\/revisions\/21125"}],"wp:attachment":[{"href":"https:\/\/www.ceaga.com\/en\/wp-json\/wp\/v2\/media?parent=21100"}],"curies":[{"name":"wp","href":"https:\/\/api.w.org\/{rel}","templated":true}]}}