{"id":18569,"date":"2021-06-29T08:44:28","date_gmt":"2021-06-29T06:44:28","guid":{"rendered":"https:\/\/www.ceaga.com\/?page_id=18569"},"modified":"2025-09-10T15:35:58","modified_gmt":"2025-09-10T13:35:58","slug":"awards","status":"publish","type":"page","link":"https:\/\/www.ceaga.com\/en\/awards\/","title":{"rendered":"AWARDS"},"content":{"rendered":"\n<p>CEAGA has received, in recent years, various recognitions that endorse its work to boost competitiveness, increase added value and improve the productivity of the Cluster companies.<\/p>\n","protected":false},"excerpt":{"rendered":"<p>CEAGA has received, in recent years, various recognitions that endorse its work to boost competitiveness, increase added value and improve the productivity of the Cluster companies.<\/p>\n","protected":false},"author":64,"featured_media":0,"parent":0,"menu_order":0,"comment_status":"closed","ping_status":"closed","template":"templates\/template-reconocimientos.php","meta":{"_acf_changed":false,"footnotes":""},"acf":[],"yoast_head":"<!-- This site is optimized with the Yoast SEO plugin v23.0 - https:\/\/yoast.com\/wordpress\/plugins\/seo\/ -->\n<title>AWARDS - CEAGA. Cluster de Automocion y Movilidad de Galicia<\/title>\n<meta name=\"robots\" content=\"index, follow, max-snippet:-1, max-image-preview:large, max-video-preview:-1\" \/>\n<link rel=\"canonical\" href=\"https:\/\/www.ceaga.com\/en\/awards\/\" \/>\n<meta property=\"og:locale\" content=\"en_US\" \/>\n<meta property=\"og:type\" content=\"article\" \/>\n<meta property=\"og:title\" content=\"AWARDS - CEAGA. Cluster de Automocion y Movilidad de Galicia\" \/>\n<meta property=\"og:description\" content=\"CEAGA has received, in recent years, various recognitions that endorse its work to boost competitiveness, increase added value and improve the productivity of the Cluster companies.\" \/>\n<meta property=\"og:url\" content=\"https:\/\/www.ceaga.com\/en\/awards\/\" \/>\n<meta property=\"og:site_name\" content=\"CEAGA. Cluster de Automocion y Movilidad de Galicia\" \/>\n<meta property=\"article:modified_time\" content=\"2025-09-10T13:35:58+00:00\" \/>\n<meta name=\"twitter:card\" content=\"summary_large_image\" \/>\n<meta name=\"twitter:label1\" content=\"Est. reading time\" \/>\n\t<meta name=\"twitter:data1\" content=\"1 minute\" \/>\n<script type=\"application\/ld+json\" class=\"yoast-schema-graph\">{\"@context\":\"https:\/\/schema.org\",\"@graph\":[{\"@type\":\"WebPage\",\"@id\":\"https:\/\/www.ceaga.com\/en\/awards\/\",\"url\":\"https:\/\/www.ceaga.com\/en\/awards\/\",\"name\":\"AWARDS - CEAGA. Cluster de Automocion y Movilidad de Galicia\",\"isPartOf\":{\"@id\":\"https:\/\/www.ceaga.com\/en\/#website\"},\"datePublished\":\"2021-06-29T06:44:28+00:00\",\"dateModified\":\"2025-09-10T13:35:58+00:00\",\"breadcrumb\":{\"@id\":\"https:\/\/www.ceaga.com\/en\/awards\/#breadcrumb\"},\"inLanguage\":\"en-US\",\"potentialAction\":[{\"@type\":\"ReadAction\",\"target\":[\"https:\/\/www.ceaga.com\/en\/awards\/\"]}]},{\"@type\":\"BreadcrumbList\",\"@id\":\"https:\/\/www.ceaga.com\/en\/awards\/#breadcrumb\",\"itemListElement\":[{\"@type\":\"ListItem\",\"position\":1,\"name\":\"Portada\",\"item\":\"https:\/\/www.ceaga.com\/en\/\"},{\"@type\":\"ListItem\",\"position\":2,\"name\":\"AWARDS\"}]},{\"@type\":\"WebSite\",\"@id\":\"https:\/\/www.ceaga.com\/en\/#website\",\"url\":\"https:\/\/www.ceaga.com\/en\/\",\"name\":\"CEAGA. Cluster de Automoci\u00f3n y Movilidad de Galicia\",\"description\":\"CEAGA atesora a\u00f1os de experiencia en la puesta en marcha de proyectos colaborativos de alto impacto. Actualmente, damos soporte y apoyo estrat\u00e9gico en cluster management a otras entidades a nivel nacional e internacional. Para m\u00e1s info, solicita una reuni\u00f3n a trav\u00e9s de: ceaga@ceaga.com\",\"potentialAction\":[{\"@type\":\"SearchAction\",\"target\":{\"@type\":\"EntryPoint\",\"urlTemplate\":\"https:\/\/www.ceaga.com\/en\/?s={search_term_string}\"},\"query-input\":\"required name=search_term_string\"}],\"inLanguage\":\"en-US\"}]}<\/script>\n<!-- \/ Yoast SEO plugin. -->","yoast_head_json":{"title":"AWARDS - CEAGA. Cluster de Automocion y Movilidad de Galicia","robots":{"index":"index","follow":"follow","max-snippet":"max-snippet:-1","max-image-preview":"max-image-preview:large","max-video-preview":"max-video-preview:-1"},"canonical":"https:\/\/www.ceaga.com\/en\/awards\/","og_locale":"en_US","og_type":"article","og_title":"AWARDS - CEAGA. Cluster de Automocion y Movilidad de Galicia","og_description":"CEAGA has received, in recent years, various recognitions that endorse its work to boost competitiveness, increase added value and improve the productivity of the Cluster companies.","og_url":"https:\/\/www.ceaga.com\/en\/awards\/","og_site_name":"CEAGA. Cluster de Automocion y Movilidad de Galicia","article_modified_time":"2025-09-10T13:35:58+00:00","twitter_card":"summary_large_image","twitter_misc":{"Est. reading time":"1 minute"},"schema":{"@context":"https:\/\/schema.org","@graph":[{"@type":"WebPage","@id":"https:\/\/www.ceaga.com\/en\/awards\/","url":"https:\/\/www.ceaga.com\/en\/awards\/","name":"AWARDS - CEAGA. Cluster de Automocion y Movilidad de Galicia","isPartOf":{"@id":"https:\/\/www.ceaga.com\/en\/#website"},"datePublished":"2021-06-29T06:44:28+00:00","dateModified":"2025-09-10T13:35:58+00:00","breadcrumb":{"@id":"https:\/\/www.ceaga.com\/en\/awards\/#breadcrumb"},"inLanguage":"en-US","potentialAction":[{"@type":"ReadAction","target":["https:\/\/www.ceaga.com\/en\/awards\/"]}]},{"@type":"BreadcrumbList","@id":"https:\/\/www.ceaga.com\/en\/awards\/#breadcrumb","itemListElement":[{"@type":"ListItem","position":1,"name":"Portada","item":"https:\/\/www.ceaga.com\/en\/"},{"@type":"ListItem","position":2,"name":"AWARDS"}]},{"@type":"WebSite","@id":"https:\/\/www.ceaga.com\/en\/#website","url":"https:\/\/www.ceaga.com\/en\/","name":"CEAGA. Cluster de Automoci\u00f3n y Movilidad de Galicia","description":"CEAGA atesora a\u00f1os de experiencia en la puesta en marcha de proyectos colaborativos de alto impacto. Actualmente, damos soporte y apoyo estrat\u00e9gico en cluster management a otras entidades a nivel nacional e internacional. Para m\u00e1s info, solicita una reuni\u00f3n a trav\u00e9s de: ceaga@ceaga.com","potentialAction":[{"@type":"SearchAction","target":{"@type":"EntryPoint","urlTemplate":"https:\/\/www.ceaga.com\/en\/?s={search_term_string}"},"query-input":"required name=search_term_string"}],"inLanguage":"en-US"}]}},"_links":{"self":[{"href":"https:\/\/www.ceaga.com\/en\/wp-json\/wp\/v2\/pages\/18569"}],"collection":[{"href":"https:\/\/www.ceaga.com\/en\/wp-json\/wp\/v2\/pages"}],"about":[{"href":"https:\/\/www.ceaga.com\/en\/wp-json\/wp\/v2\/types\/page"}],"author":[{"embeddable":true,"href":"https:\/\/www.ceaga.com\/en\/wp-json\/wp\/v2\/users\/64"}],"replies":[{"embeddable":true,"href":"https:\/\/www.ceaga.com\/en\/wp-json\/wp\/v2\/comments?post=18569"}],"version-history":[{"count":13,"href":"https:\/\/www.ceaga.com\/en\/wp-json\/wp\/v2\/pages\/18569\/revisions"}],"predecessor-version":[{"id":23670,"href":"https:\/\/www.ceaga.com\/en\/wp-json\/wp\/v2\/pages\/18569\/revisions\/23670"}],"wp:attachment":[{"href":"https:\/\/www.ceaga.com\/en\/wp-json\/wp\/v2\/media?parent=18569"}],"curies":[{"name":"wp","href":"https:\/\/api.w.org\/{rel}","templated":true}]}}