{"id":17565,"date":"2020-04-23T10:44:48","date_gmt":"2020-04-23T08:44:48","guid":{"rendered":"https:\/\/ceaga.com\/hub-industrial\/"},"modified":"2020-04-24T10:53:01","modified_gmt":"2020-04-24T08:53:01","slug":"industrial-hub","status":"publish","type":"page","link":"https:\/\/www.ceaga.com\/en\/industrial-hub\/","title":{"rendered":"Industrial HUB"},"content":{"rendered":"\n<div id=\"plan-presentacion\" class=\"wp-block-hacce-wrapper pb-5\"><div class=\"container\">\n<div class=\"wp-block-hacce-wrapper row\">\n<div class=\"wp-block-hacce-wrapper col-lg-6 wow fadeInLeft\">\n<h2 class=\"wp-block-heading\"><strong>DIHGIGAL<\/strong><\/h2>\n\n\n\n<h3 style=\"max-width:395px;\">DIHGIGAL, the Digital Innovation Hub of the Galician Industry, integrates more than 450 entities.<\/h3>\n<\/div>\n\n\n\n<div class=\"wp-block-hacce-wrapper col-lg-6 wow fadeInRight\">\n<div class=\"wp-block-image\"><figure class=\"aligncenter size-large\"><img loading=\"lazy\" decoding=\"async\" width=\"800\" height=\"469\" src=\"https:\/\/ceaga.com\/wp-content\/uploads\/2020\/04\/Foto-grupo-hub-1.jpg\" alt=\"HUB Industrial, foto de grupo\" class=\"wp-image-17540\" srcset=\"https:\/\/www.ceaga.com\/wp-content\/uploads\/2020\/04\/Foto-grupo-hub-1.jpg 800w, https:\/\/www.ceaga.com\/wp-content\/uploads\/2020\/04\/Foto-grupo-hub-1-300x176.jpg 300w, https:\/\/www.ceaga.com\/wp-content\/uploads\/2020\/04\/Foto-grupo-hub-1-768x450.jpg 768w\" sizes=\"(max-width: 800px) 100vw, 800px\" \/><\/figure><\/div>\n<\/div>\n<\/div>\n<\/div><\/div>\n\n\n\n<div id=\"plan-vision\" class=\"wp-block-hacce-wrapper\" style=\"background-image:url(https:\/\/ceaga.com\/wp-content\/uploads\/2020\/04\/propuestaBG-1.jpg)\"><div class=\"container\">\n<div class=\"wp-block-hacce-wrapper row wow fadeIn\">\n<div class=\"wp-block-hacce-wrapper col-12\">\n<h5 class=\"ml-0 wp-block-heading\">OBJECTIVE<\/h5>\n\n\n\n<p class=\"h1 ml-0\">To support companies in their digital transformation processes and to connect the technological demand of industrial companies with the technological and knowledge offer, as well as to increase the effective transference making companies more competitive.<\/p>\n<\/div>\n<\/div>\n<\/div><\/div>\n\n\n\n<div class=\"wp-block-hacce-wrapper pt-5\"><div class=\"container\">\n<div class=\"wp-block-hacce-wrapper row\">\n<div class=\"wp-block-hacce-wrapper col-lg-12 wow fadeInDown\">\n<div class=\"wp-block-image mt-3 mb-5\"><figure class=\"aligncenter size-large is-resized\"><img loading=\"lazy\" decoding=\"async\" src=\"https:\/\/ceaga.com\/wp-content\/uploads\/2020\/04\/Logo-DIHGIGAL.png\" alt=\"\" class=\"wp-image-17533\" width=\"400\" height=\"60\" srcset=\"https:\/\/www.ceaga.com\/wp-content\/uploads\/2020\/04\/Logo-DIHGIGAL.png 800w, https:\/\/www.ceaga.com\/wp-content\/uploads\/2020\/04\/Logo-DIHGIGAL-300x45.png 300w, https:\/\/www.ceaga.com\/wp-content\/uploads\/2020\/04\/Logo-DIHGIGAL-768x114.png 768w\" sizes=\"(max-width: 400px) 100vw, 400px\" \/><\/figure><\/div>\n<\/div>\n\n\n\n<div class=\"wp-block-hacce-wrapper col-lg-6 wow fadeInLeft\">\n<p>The Association for the Digitalization of Galician Industry, named DIHGIGAL, was designated by Galician Government as the Strategic Industrial Digital Innovation Hub for Galicia, founded by the Galician Automotive Cluster (CEAGA), Galician Food Cluster (CLUSAGA), Galician Naval Cluster (ACLUNAGA), and Galician ITC Cluster (Cluster TIC). Through this union, DIHGIGAL directly brings together 450 companies and entities, which provide employment to nearly 52,000 people, with a total turnover of 19,180 billion euros, equivalent to 30% of Galicia&#8217;s GDP.<\/p>\n\n\n\n<p>DIHGIGAL is created with the leadership of the 4 clusters and the support of the Galician Government. This initiative is aligned with Challenge 2 (New competitive industrial model based on knowledge) of the Galician Strategy for Intelligent Specialization (RIS3).<\/p>\n<\/div>\n\n\n\n<div class=\"wp-block-hacce-wrapper col-lg-6 wow fadeInRight\">\n<p>In this context, in December 2019 it was held the signing ceremony of the agreement with which the Galician Government will support with 200,000 euros the implementation and first steps of this Digital Innovation Hub.<\/p>\n\n\n\n<p>A Digital Innovation Hub (DIH) is a regional structure that supports and assists companies in their digital transformation processes, helping them understand what they are, how they are affected and how they can access digital technologies and how to finance and drive the investments needed to address the digital transformation. This DIH aims to provide industrial companies, especially SMEs, with the technological, digital and innovation capacities to face the challenges of the Factory of the Future.<\/p>\n<\/div>\n\n\n\n<div class=\"wp-block-hacce-wrapper col-lg-12 wow fadeInUp\">\n<div class=\"wp-block-image mt-5 leyenda-right\"><figure class=\"aligncenter size-large is-resized\"><img loading=\"lazy\" decoding=\"async\" src=\"https:\/\/ceaga.com\/wp-content\/uploads\/2020\/04\/Logo_Xunta-web.png\" alt=\"\" class=\"wp-image-17535\" width=\"200\" height=\"61\" srcset=\"https:\/\/www.ceaga.com\/wp-content\/uploads\/2020\/04\/Logo_Xunta-web.png 400w, https:\/\/www.ceaga.com\/wp-content\/uploads\/2020\/04\/Logo_Xunta-web-300x92.png 300w\" sizes=\"(max-width: 200px) 100vw, 200px\" \/><figcaption>The Hub ASOCIACI\u00d3N PARA LA DIGITALIZACI\u00d3N DE LA INDUSTRIA DE GALICIA is an initiative that is developed within the framework of the Galician Strategy of Digital Innovation Hubs, promoted by the Galician Government through the Ministry of Economy, Employment and Industry.<\/figcaption><\/figure><\/div>\n\n\n\n<p><\/p>\n<\/div>\n<\/div>\n<\/div><\/div>\n","protected":false},"excerpt":{"rendered":"","protected":false},"author":64,"featured_media":0,"parent":0,"menu_order":0,"comment_status":"closed","ping_status":"closed","template":"templates\/template-ceaga.php","meta":{"_acf_changed":false,"footnotes":""},"acf":[],"yoast_head":"<!-- This site is optimized with the Yoast SEO plugin v23.0 - https:\/\/yoast.com\/wordpress\/plugins\/seo\/ -->\n<title>Industrial HUB - CEAGA. Cluster de Automocion y Movilidad de Galicia<\/title>\n<meta name=\"robots\" content=\"index, follow, max-snippet:-1, max-image-preview:large, max-video-preview:-1\" \/>\n<link rel=\"canonical\" href=\"https:\/\/www.ceaga.com\/en\/industrial-hub\/\" \/>\n<meta property=\"og:locale\" content=\"en_US\" \/>\n<meta property=\"og:type\" content=\"article\" \/>\n<meta property=\"og:title\" content=\"Industrial HUB - CEAGA. Cluster de Automocion y Movilidad de Galicia\" \/>\n<meta property=\"og:url\" content=\"https:\/\/www.ceaga.com\/en\/industrial-hub\/\" \/>\n<meta property=\"og:site_name\" content=\"CEAGA. Cluster de Automocion y Movilidad de Galicia\" \/>\n<meta property=\"article:modified_time\" content=\"2020-04-24T08:53:01+00:00\" \/>\n<meta property=\"og:image\" content=\"https:\/\/ceaga.com\/wp-content\/uploads\/2020\/04\/Foto-grupo-hub-1.jpg\" \/>\n<meta name=\"twitter:card\" content=\"summary_large_image\" \/>\n<meta name=\"twitter:label1\" content=\"Est. reading time\" \/>\n\t<meta name=\"twitter:data1\" content=\"2 minutes\" \/>\n<script type=\"application\/ld+json\" class=\"yoast-schema-graph\">{\"@context\":\"https:\/\/schema.org\",\"@graph\":[{\"@type\":\"WebPage\",\"@id\":\"https:\/\/www.ceaga.com\/en\/industrial-hub\/\",\"url\":\"https:\/\/www.ceaga.com\/en\/industrial-hub\/\",\"name\":\"Industrial HUB - CEAGA. Cluster de Automocion y Movilidad de Galicia\",\"isPartOf\":{\"@id\":\"https:\/\/www.ceaga.com\/en\/#website\"},\"primaryImageOfPage\":{\"@id\":\"https:\/\/www.ceaga.com\/en\/industrial-hub\/#primaryimage\"},\"image\":{\"@id\":\"https:\/\/www.ceaga.com\/en\/industrial-hub\/#primaryimage\"},\"thumbnailUrl\":\"https:\/\/ceaga.com\/wp-content\/uploads\/2020\/04\/Foto-grupo-hub-1.jpg\",\"datePublished\":\"2020-04-23T08:44:48+00:00\",\"dateModified\":\"2020-04-24T08:53:01+00:00\",\"breadcrumb\":{\"@id\":\"https:\/\/www.ceaga.com\/en\/industrial-hub\/#breadcrumb\"},\"inLanguage\":\"en-US\",\"potentialAction\":[{\"@type\":\"ReadAction\",\"target\":[\"https:\/\/www.ceaga.com\/en\/industrial-hub\/\"]}]},{\"@type\":\"ImageObject\",\"inLanguage\":\"en-US\",\"@id\":\"https:\/\/www.ceaga.com\/en\/industrial-hub\/#primaryimage\",\"url\":\"https:\/\/ceaga.com\/wp-content\/uploads\/2020\/04\/Foto-grupo-hub-1.jpg\",\"contentUrl\":\"https:\/\/ceaga.com\/wp-content\/uploads\/2020\/04\/Foto-grupo-hub-1.jpg\"},{\"@type\":\"BreadcrumbList\",\"@id\":\"https:\/\/www.ceaga.com\/en\/industrial-hub\/#breadcrumb\",\"itemListElement\":[{\"@type\":\"ListItem\",\"position\":1,\"name\":\"Portada\",\"item\":\"https:\/\/www.ceaga.com\/en\/\"},{\"@type\":\"ListItem\",\"position\":2,\"name\":\"Industrial HUB\"}]},{\"@type\":\"WebSite\",\"@id\":\"https:\/\/www.ceaga.com\/en\/#website\",\"url\":\"https:\/\/www.ceaga.com\/en\/\",\"name\":\"CEAGA. Cluster de Automoci\u00f3n y Movilidad de Galicia\",\"description\":\"CEAGA atesora a\u00f1os de experiencia en la puesta en marcha de proyectos colaborativos de alto impacto. Actualmente, damos soporte y apoyo estrat\u00e9gico en cluster management a otras entidades a nivel nacional e internacional. Para m\u00e1s info, solicita una reuni\u00f3n a trav\u00e9s de: ceaga@ceaga.com\",\"potentialAction\":[{\"@type\":\"SearchAction\",\"target\":{\"@type\":\"EntryPoint\",\"urlTemplate\":\"https:\/\/www.ceaga.com\/en\/?s={search_term_string}\"},\"query-input\":\"required name=search_term_string\"}],\"inLanguage\":\"en-US\"}]}<\/script>\n<!-- \/ Yoast SEO plugin. -->","yoast_head_json":{"title":"Industrial HUB - CEAGA. Cluster de Automocion y Movilidad de Galicia","robots":{"index":"index","follow":"follow","max-snippet":"max-snippet:-1","max-image-preview":"max-image-preview:large","max-video-preview":"max-video-preview:-1"},"canonical":"https:\/\/www.ceaga.com\/en\/industrial-hub\/","og_locale":"en_US","og_type":"article","og_title":"Industrial HUB - CEAGA. Cluster de Automocion y Movilidad de Galicia","og_url":"https:\/\/www.ceaga.com\/en\/industrial-hub\/","og_site_name":"CEAGA. Cluster de Automocion y Movilidad de Galicia","article_modified_time":"2020-04-24T08:53:01+00:00","og_image":[{"url":"https:\/\/ceaga.com\/wp-content\/uploads\/2020\/04\/Foto-grupo-hub-1.jpg"}],"twitter_card":"summary_large_image","twitter_misc":{"Est. reading time":"2 minutes"},"schema":{"@context":"https:\/\/schema.org","@graph":[{"@type":"WebPage","@id":"https:\/\/www.ceaga.com\/en\/industrial-hub\/","url":"https:\/\/www.ceaga.com\/en\/industrial-hub\/","name":"Industrial HUB - CEAGA. Cluster de Automocion y Movilidad de Galicia","isPartOf":{"@id":"https:\/\/www.ceaga.com\/en\/#website"},"primaryImageOfPage":{"@id":"https:\/\/www.ceaga.com\/en\/industrial-hub\/#primaryimage"},"image":{"@id":"https:\/\/www.ceaga.com\/en\/industrial-hub\/#primaryimage"},"thumbnailUrl":"https:\/\/ceaga.com\/wp-content\/uploads\/2020\/04\/Foto-grupo-hub-1.jpg","datePublished":"2020-04-23T08:44:48+00:00","dateModified":"2020-04-24T08:53:01+00:00","breadcrumb":{"@id":"https:\/\/www.ceaga.com\/en\/industrial-hub\/#breadcrumb"},"inLanguage":"en-US","potentialAction":[{"@type":"ReadAction","target":["https:\/\/www.ceaga.com\/en\/industrial-hub\/"]}]},{"@type":"ImageObject","inLanguage":"en-US","@id":"https:\/\/www.ceaga.com\/en\/industrial-hub\/#primaryimage","url":"https:\/\/ceaga.com\/wp-content\/uploads\/2020\/04\/Foto-grupo-hub-1.jpg","contentUrl":"https:\/\/ceaga.com\/wp-content\/uploads\/2020\/04\/Foto-grupo-hub-1.jpg"},{"@type":"BreadcrumbList","@id":"https:\/\/www.ceaga.com\/en\/industrial-hub\/#breadcrumb","itemListElement":[{"@type":"ListItem","position":1,"name":"Portada","item":"https:\/\/www.ceaga.com\/en\/"},{"@type":"ListItem","position":2,"name":"Industrial HUB"}]},{"@type":"WebSite","@id":"https:\/\/www.ceaga.com\/en\/#website","url":"https:\/\/www.ceaga.com\/en\/","name":"CEAGA. Cluster de Automoci\u00f3n y Movilidad de Galicia","description":"CEAGA atesora a\u00f1os de experiencia en la puesta en marcha de proyectos colaborativos de alto impacto. Actualmente, damos soporte y apoyo estrat\u00e9gico en cluster management a otras entidades a nivel nacional e internacional. Para m\u00e1s info, solicita una reuni\u00f3n a trav\u00e9s de: ceaga@ceaga.com","potentialAction":[{"@type":"SearchAction","target":{"@type":"EntryPoint","urlTemplate":"https:\/\/www.ceaga.com\/en\/?s={search_term_string}"},"query-input":"required name=search_term_string"}],"inLanguage":"en-US"}]}},"_links":{"self":[{"href":"https:\/\/www.ceaga.com\/en\/wp-json\/wp\/v2\/pages\/17565"}],"collection":[{"href":"https:\/\/www.ceaga.com\/en\/wp-json\/wp\/v2\/pages"}],"about":[{"href":"https:\/\/www.ceaga.com\/en\/wp-json\/wp\/v2\/types\/page"}],"author":[{"embeddable":true,"href":"https:\/\/www.ceaga.com\/en\/wp-json\/wp\/v2\/users\/64"}],"replies":[{"embeddable":true,"href":"https:\/\/www.ceaga.com\/en\/wp-json\/wp\/v2\/comments?post=17565"}],"version-history":[{"count":2,"href":"https:\/\/www.ceaga.com\/en\/wp-json\/wp\/v2\/pages\/17565\/revisions"}],"predecessor-version":[{"id":17567,"href":"https:\/\/www.ceaga.com\/en\/wp-json\/wp\/v2\/pages\/17565\/revisions\/17567"}],"wp:attachment":[{"href":"https:\/\/www.ceaga.com\/en\/wp-json\/wp\/v2\/media?parent=17565"}],"curies":[{"name":"wp","href":"https:\/\/api.w.org\/{rel}","templated":true}]}}