{"id":1653,"date":"2020-01-15T11:10:10","date_gmt":"2020-01-15T10:10:10","guid":{"rendered":"https:\/\/ceaga.com\/?page_id=1653"},"modified":"2024-05-03T10:06:03","modified_gmt":"2024-05-03T08:06:03","slug":"strategic-plan","status":"publish","type":"page","link":"https:\/\/www.ceaga.com\/en\/strategic-plan\/","title":{"rendered":"Strategic plan"},"content":{"rendered":"\n<div id=\"plan-presentacion\" class=\"wp-block-hacce-wrapper pb-5\"><div class=\"container\">\n<div class=\"wp-block-hacce-wrapper row\">\n<div class=\"wp-block-hacce-wrapper col-lg-6 wow fadeInLeft\">\n<h2 class=\"wp-block-heading\"><strong>PCAM 2030<\/strong><\/h2>\n\n\n\n<h3 class=\"wp-block-heading\">Fifth Competitiveness Plan for the Galician Automotive and Mobility Ecosystem<\/h3>\n\n\n\n<p>The implementation of the Plan enables the Galician Automotive and Mobility Sector to strengthen its strategic capacity at a cooperative level, allowing it to proactively anticipate new competitive scenarios.<\/p>\n<\/div>\n\n\n\n<div class=\"wp-block-hacce-wrapper col-lg-6 wow fadeInRight\"><div class=\"wp-block-image\">\n<figure class=\"aligncenter size-large\"><img loading=\"lazy\" decoding=\"async\" width=\"1024\" height=\"724\" src=\"https:\/\/www.ceaga.com\/wp-content\/uploads\/2024\/05\/PCAM-2030-ENG-1-1024x724.png\" alt=\"\" class=\"wp-image-22047\" srcset=\"https:\/\/www.ceaga.com\/wp-content\/uploads\/2024\/05\/PCAM-2030-ENG-1-1024x724.png 1024w, https:\/\/www.ceaga.com\/wp-content\/uploads\/2024\/05\/PCAM-2030-ENG-1-300x212.png 300w, https:\/\/www.ceaga.com\/wp-content\/uploads\/2024\/05\/PCAM-2030-ENG-1-768x543.png 768w, https:\/\/www.ceaga.com\/wp-content\/uploads\/2024\/05\/PCAM-2030-ENG-1-1536x1086.png 1536w, https:\/\/www.ceaga.com\/wp-content\/uploads\/2024\/05\/PCAM-2030-ENG-1-2048x1448.png 2048w\" sizes=\"(max-width: 1024px) 100vw, 1024px\" \/><\/figure><\/div><\/div>\n<\/div>\n<\/div><\/div>\n\n\n\n<div id=\"plan-vision\" class=\"wp-block-hacce-wrapper\" style=\"background-image:url(https:\/\/ceaga.com\/wp-content\/uploads\/2020\/01\/propuestaBG-1.jpg)\"><div class=\"container\">\n<div class=\"wp-block-hacce-wrapper row wow fadeIn\">\n<div class=\"wp-block-hacce-wrapper col-12\"><div class=\"wp-block-image\">\n<figure class=\"alignleft size-large\"><img decoding=\"async\" src=\"https:\/\/ceaga.com\/wp-content\/uploads\/2020\/01\/ico-ojo-1.png\" alt=\"\" class=\"wp-image-1709\"\/><\/figure><\/div>\n\n\n<h5 class=\"wp-block-heading\">VISION<\/h5>\n\n\n\n<p class=\"h1\">To place the Galician Automotive and Mobility Ecosystem in a position of competitive and sustainable leadership by 2030, contributing to progress and quality of life in our environment.<\/p>\n<\/div>\n<\/div>\n<\/div><\/div>\n\n\n\n<div id=\"plan-areas\" class=\"wp-block-hacce-wrapper\"><div class=\"container\">\n<div class=\"wp-block-hacce-wrapper row pt-5\">\n<div class=\"wp-block-hacce-wrapper col-lg-6 wow fadeInLeft\">\n<p>The Fifth Competitiveness Plan for the Galician Automotive and Mobility Ecosystem (PCAM 2030) has 10 Strategic Challenges that form the basis of the Strategic Framework from which the 36 Operational Plans have been drawn up. These Plans develop the main activities to be carried out in order to achieve the proposed objectives.<\/p>\n\n\n\n<p>The PCAM has been prepared based on the contributions of CEAGA member company managers, both through surveys and through their active participation in the different workshops established, as well as on the reflections of CEAGA&#8217;s management body, i.e., its Board of Trustees.<\/p>\n<\/div>\n\n\n\n<div class=\"wp-block-hacce-wrapper col-lg-6 wow fadeInRight\">\n<p><\/p>\n\n\n\n<p>The strong changes currently suffered by the automotive sector must be turned into an opportunity and progress factor for all member companies in CEAGA.<\/p>\n\n\n\n<p>This plan proposes the next steps to be developed by the Sector in order to reach its objectives of competitiveness, digital transformation and industrial excellence. These actions are framed into ten functional areas:<\/p>\n<\/div>\n<\/div>\n\n\n\n<div class=\"wp-block-hacce-wrapper row pt-5\">\n<div class=\"wp-block-hacce-wrapper col-lg-6 wow fadeIn\">\n<div class=\"wp-block-group\"><div class=\"wp-block-group__inner-container is-layout-flow wp-block-group-is-layout-flow\">\n<figure class=\"wp-block-image size-large\"><img decoding=\"async\" src=\"https:\/\/ceaga.com\/wp-content\/uploads\/2020\/01\/ico-liderazgo-2.png\" alt=\"\" class=\"wp-image-1716\"\/><\/figure>\n\n\n\n<h3 class=\"wp-block-heading\">Open innovation<\/h3>\n<\/div><\/div>\n\n\n\n<div class=\"wp-block-group\"><div class=\"wp-block-group__inner-container is-layout-flow wp-block-group-is-layout-flow\">\n<figure class=\"wp-block-image size-large\"><img decoding=\"async\" src=\"https:\/\/ceaga.com\/wp-content\/uploads\/2020\/01\/ico-internacionalizacion-1.png\" alt=\"\" class=\"wp-image-1720\"\/><\/figure>\n\n\n\n<h3 class=\"wp-block-heading\">People<\/h3>\n<\/div><\/div>\n\n\n\n<div class=\"wp-block-group\"><div class=\"wp-block-group__inner-container is-layout-flow wp-block-group-is-layout-flow\">\n<figure class=\"wp-block-image size-large\"><img decoding=\"async\" src=\"https:\/\/ceaga.com\/wp-content\/uploads\/2020\/01\/ico-desarrollo-2.png\" alt=\"\" class=\"wp-image-1722\"\/><\/figure>\n\n\n\n<h3 class=\"wp-block-heading\">Mobility<\/h3>\n<\/div><\/div>\n\n\n\n<div class=\"wp-block-group\"><div class=\"wp-block-group__inner-container is-layout-flow wp-block-group-is-layout-flow\">\n<figure class=\"wp-block-image size-large\"><img decoding=\"async\" src=\"https:\/\/ceaga.com\/wp-content\/uploads\/2020\/01\/ico-personas-2.png\" alt=\"\" class=\"wp-image-1724\"\/><\/figure>\n\n\n\n<h3 class=\"wp-block-heading\">Electrification impact<\/h3>\n<\/div><\/div>\n\n\n\n<div class=\"wp-block-group\"><div class=\"wp-block-group__inner-container is-layout-flow wp-block-group-is-layout-flow\">\n<figure class=\"wp-block-image size-large\"><img decoding=\"async\" src=\"https:\/\/ceaga.com\/wp-content\/uploads\/2020\/01\/ico-competitividad-2.png\" alt=\"\" class=\"wp-image-1726\"\/><\/figure>\n\n\n\n<h3 class=\"wp-block-heading\">Reactivation of the sector<\/h3>\n<\/div><\/div>\n<\/div>\n\n\n\n<div class=\"wp-block-hacce-wrapper col-lg-6 wow fadein\">\n<div class=\"wp-block-group\"><div class=\"wp-block-group__inner-container is-layout-flow wp-block-group-is-layout-flow\">\n<figure class=\"wp-block-image size-large\"><img decoding=\"async\" src=\"https:\/\/ceaga.com\/wp-content\/uploads\/2020\/01\/ico-logistica-1.png\" alt=\"\" class=\"wp-image-1728\"\/><\/figure>\n\n\n\n<h3 class=\"wp-block-heading\">Industrial competitiveness<\/h3>\n<\/div><\/div>\n\n\n\n<div class=\"wp-block-group\"><div class=\"wp-block-group__inner-container is-layout-flow wp-block-group-is-layout-flow\">\n<figure class=\"wp-block-image size-large\"><img decoding=\"async\" src=\"https:\/\/ceaga.com\/wp-content\/uploads\/2020\/01\/ico-compras-1.png\" alt=\"\" class=\"wp-image-1730\"\/><\/figure>\n\n\n\n<h3 class=\"wp-block-heading\">Supply chain<\/h3>\n<\/div><\/div>\n\n\n\n<div class=\"wp-block-group\"><div class=\"wp-block-group__inner-container is-layout-flow wp-block-group-is-layout-flow\">\n<figure class=\"wp-block-image size-large\"><img decoding=\"async\" src=\"https:\/\/ceaga.com\/wp-content\/uploads\/2020\/01\/ico-innovacion-2.png\" alt=\"\" class=\"wp-image-1732\"\/><\/figure>\n\n\n\n<h3 class=\"wp-block-heading\">Sustainability<\/h3>\n<\/div><\/div>\n\n\n\n<div class=\"wp-block-group\"><div class=\"wp-block-group__inner-container is-layout-flow wp-block-group-is-layout-flow\">\n<figure class=\"wp-block-image size-large\"><img decoding=\"async\" src=\"https:\/\/ceaga.com\/wp-content\/uploads\/2020\/01\/ico-sostenibilidad-1.png\" alt=\"\" class=\"wp-image-1734\"\/><\/figure>\n\n\n\n<h3 class=\"wp-block-heading\">Energy<\/h3>\n<\/div><\/div>\n\n\n\n<div class=\"wp-block-group\"><div class=\"wp-block-group__inner-container is-layout-flow wp-block-group-is-layout-flow\">\n<figure class=\"wp-block-image size-large\"><img decoding=\"async\" src=\"https:\/\/ceaga.com\/wp-content\/uploads\/2020\/01\/ico-comunicacion-1.png\" alt=\"\" class=\"wp-image-1736\"\/><\/figure>\n\n\n\n<h3 class=\"wp-block-heading\">Empowerment of CEAGA<\/h3>\n<\/div><\/div>\n<\/div>\n<\/div>\n<\/div><\/div>\n","protected":false},"excerpt":{"rendered":"","protected":false},"author":47,"featured_media":17610,"parent":0,"menu_order":0,"comment_status":"closed","ping_status":"closed","template":"templates\/template-fullwidth.php","meta":{"_acf_changed":false,"footnotes":""},"acf":[],"yoast_head":"<!-- This site is optimized with the Yoast SEO plugin v23.0 - https:\/\/yoast.com\/wordpress\/plugins\/seo\/ -->\n<title>Strategic plan - CEAGA. Cluster de Automocion y Movilidad de Galicia<\/title>\n<meta name=\"robots\" content=\"index, follow, max-snippet:-1, max-image-preview:large, max-video-preview:-1\" \/>\n<link rel=\"canonical\" href=\"https:\/\/www.ceaga.com\/en\/strategic-plan\/\" \/>\n<meta property=\"og:locale\" content=\"en_US\" \/>\n<meta property=\"og:type\" content=\"article\" \/>\n<meta property=\"og:title\" content=\"Strategic plan - CEAGA. Cluster de Automocion y Movilidad de Galicia\" \/>\n<meta property=\"og:url\" content=\"https:\/\/www.ceaga.com\/en\/strategic-plan\/\" \/>\n<meta property=\"og:site_name\" content=\"CEAGA. Cluster de Automocion y Movilidad de Galicia\" \/>\n<meta property=\"article:modified_time\" content=\"2024-05-03T08:06:03+00:00\" \/>\n<meta property=\"og:image\" content=\"https:\/\/www.ceaga.com\/wp-content\/uploads\/2021\/03\/Portada_P4CA.jpg\" \/>\n\t<meta property=\"og:image:width\" content=\"1753\" \/>\n\t<meta property=\"og:image:height\" content=\"1241\" \/>\n\t<meta property=\"og:image:type\" content=\"image\/jpeg\" \/>\n<meta name=\"twitter:card\" content=\"summary_large_image\" \/>\n<meta name=\"twitter:label1\" content=\"Est. reading time\" \/>\n\t<meta name=\"twitter:data1\" content=\"4 minutes\" \/>\n<script type=\"application\/ld+json\" class=\"yoast-schema-graph\">{\"@context\":\"https:\/\/schema.org\",\"@graph\":[{\"@type\":\"WebPage\",\"@id\":\"https:\/\/www.ceaga.com\/en\/strategic-plan\/\",\"url\":\"https:\/\/www.ceaga.com\/en\/strategic-plan\/\",\"name\":\"Strategic plan - CEAGA. Cluster de Automocion y Movilidad de Galicia\",\"isPartOf\":{\"@id\":\"https:\/\/www.ceaga.com\/en\/#website\"},\"primaryImageOfPage\":{\"@id\":\"https:\/\/www.ceaga.com\/en\/strategic-plan\/#primaryimage\"},\"image\":{\"@id\":\"https:\/\/www.ceaga.com\/en\/strategic-plan\/#primaryimage\"},\"thumbnailUrl\":\"https:\/\/www.ceaga.com\/wp-content\/uploads\/2021\/03\/Portada_P4CA.jpg\",\"datePublished\":\"2020-01-15T10:10:10+00:00\",\"dateModified\":\"2024-05-03T08:06:03+00:00\",\"breadcrumb\":{\"@id\":\"https:\/\/www.ceaga.com\/en\/strategic-plan\/#breadcrumb\"},\"inLanguage\":\"en-US\",\"potentialAction\":[{\"@type\":\"ReadAction\",\"target\":[\"https:\/\/www.ceaga.com\/en\/strategic-plan\/\"]}]},{\"@type\":\"ImageObject\",\"inLanguage\":\"en-US\",\"@id\":\"https:\/\/www.ceaga.com\/en\/strategic-plan\/#primaryimage\",\"url\":\"https:\/\/www.ceaga.com\/wp-content\/uploads\/2021\/03\/Portada_P4CA.jpg\",\"contentUrl\":\"https:\/\/www.ceaga.com\/wp-content\/uploads\/2021\/03\/Portada_P4CA.jpg\",\"width\":1753,\"height\":1241},{\"@type\":\"BreadcrumbList\",\"@id\":\"https:\/\/www.ceaga.com\/en\/strategic-plan\/#breadcrumb\",\"itemListElement\":[{\"@type\":\"ListItem\",\"position\":1,\"name\":\"Portada\",\"item\":\"https:\/\/www.ceaga.com\/en\/\"},{\"@type\":\"ListItem\",\"position\":2,\"name\":\"Strategic plan\"}]},{\"@type\":\"WebSite\",\"@id\":\"https:\/\/www.ceaga.com\/en\/#website\",\"url\":\"https:\/\/www.ceaga.com\/en\/\",\"name\":\"CEAGA. Cluster de Automoci\u00f3n y Movilidad de Galicia\",\"description\":\"CEAGA atesora a\u00f1os de experiencia en la puesta en marcha de proyectos colaborativos de alto impacto. Actualmente, damos soporte y apoyo estrat\u00e9gico en cluster management a otras entidades a nivel nacional e internacional. Para m\u00e1s info, solicita una reuni\u00f3n a trav\u00e9s de: ceaga@ceaga.com\",\"potentialAction\":[{\"@type\":\"SearchAction\",\"target\":{\"@type\":\"EntryPoint\",\"urlTemplate\":\"https:\/\/www.ceaga.com\/en\/?s={search_term_string}\"},\"query-input\":\"required name=search_term_string\"}],\"inLanguage\":\"en-US\"}]}<\/script>\n<!-- \/ Yoast SEO plugin. -->","yoast_head_json":{"title":"Strategic plan - CEAGA. Cluster de Automocion y Movilidad de Galicia","robots":{"index":"index","follow":"follow","max-snippet":"max-snippet:-1","max-image-preview":"max-image-preview:large","max-video-preview":"max-video-preview:-1"},"canonical":"https:\/\/www.ceaga.com\/en\/strategic-plan\/","og_locale":"en_US","og_type":"article","og_title":"Strategic plan - CEAGA. Cluster de Automocion y Movilidad de Galicia","og_url":"https:\/\/www.ceaga.com\/en\/strategic-plan\/","og_site_name":"CEAGA. Cluster de Automocion y Movilidad de Galicia","article_modified_time":"2024-05-03T08:06:03+00:00","og_image":[{"width":1753,"height":1241,"url":"https:\/\/www.ceaga.com\/wp-content\/uploads\/2021\/03\/Portada_P4CA.jpg","type":"image\/jpeg"}],"twitter_card":"summary_large_image","twitter_misc":{"Est. reading time":"4 minutes"},"schema":{"@context":"https:\/\/schema.org","@graph":[{"@type":"WebPage","@id":"https:\/\/www.ceaga.com\/en\/strategic-plan\/","url":"https:\/\/www.ceaga.com\/en\/strategic-plan\/","name":"Strategic plan - CEAGA. Cluster de Automocion y Movilidad de Galicia","isPartOf":{"@id":"https:\/\/www.ceaga.com\/en\/#website"},"primaryImageOfPage":{"@id":"https:\/\/www.ceaga.com\/en\/strategic-plan\/#primaryimage"},"image":{"@id":"https:\/\/www.ceaga.com\/en\/strategic-plan\/#primaryimage"},"thumbnailUrl":"https:\/\/www.ceaga.com\/wp-content\/uploads\/2021\/03\/Portada_P4CA.jpg","datePublished":"2020-01-15T10:10:10+00:00","dateModified":"2024-05-03T08:06:03+00:00","breadcrumb":{"@id":"https:\/\/www.ceaga.com\/en\/strategic-plan\/#breadcrumb"},"inLanguage":"en-US","potentialAction":[{"@type":"ReadAction","target":["https:\/\/www.ceaga.com\/en\/strategic-plan\/"]}]},{"@type":"ImageObject","inLanguage":"en-US","@id":"https:\/\/www.ceaga.com\/en\/strategic-plan\/#primaryimage","url":"https:\/\/www.ceaga.com\/wp-content\/uploads\/2021\/03\/Portada_P4CA.jpg","contentUrl":"https:\/\/www.ceaga.com\/wp-content\/uploads\/2021\/03\/Portada_P4CA.jpg","width":1753,"height":1241},{"@type":"BreadcrumbList","@id":"https:\/\/www.ceaga.com\/en\/strategic-plan\/#breadcrumb","itemListElement":[{"@type":"ListItem","position":1,"name":"Portada","item":"https:\/\/www.ceaga.com\/en\/"},{"@type":"ListItem","position":2,"name":"Strategic plan"}]},{"@type":"WebSite","@id":"https:\/\/www.ceaga.com\/en\/#website","url":"https:\/\/www.ceaga.com\/en\/","name":"CEAGA. Cluster de Automoci\u00f3n y Movilidad de Galicia","description":"CEAGA atesora a\u00f1os de experiencia en la puesta en marcha de proyectos colaborativos de alto impacto. Actualmente, damos soporte y apoyo estrat\u00e9gico en cluster management a otras entidades a nivel nacional e internacional. Para m\u00e1s info, solicita una reuni\u00f3n a trav\u00e9s de: ceaga@ceaga.com","potentialAction":[{"@type":"SearchAction","target":{"@type":"EntryPoint","urlTemplate":"https:\/\/www.ceaga.com\/en\/?s={search_term_string}"},"query-input":"required name=search_term_string"}],"inLanguage":"en-US"}]}},"_links":{"self":[{"href":"https:\/\/www.ceaga.com\/en\/wp-json\/wp\/v2\/pages\/1653"}],"collection":[{"href":"https:\/\/www.ceaga.com\/en\/wp-json\/wp\/v2\/pages"}],"about":[{"href":"https:\/\/www.ceaga.com\/en\/wp-json\/wp\/v2\/types\/page"}],"author":[{"embeddable":true,"href":"https:\/\/www.ceaga.com\/en\/wp-json\/wp\/v2\/users\/47"}],"replies":[{"embeddable":true,"href":"https:\/\/www.ceaga.com\/en\/wp-json\/wp\/v2\/comments?post=1653"}],"version-history":[{"count":10,"href":"https:\/\/www.ceaga.com\/en\/wp-json\/wp\/v2\/pages\/1653\/revisions"}],"predecessor-version":[{"id":22053,"href":"https:\/\/www.ceaga.com\/en\/wp-json\/wp\/v2\/pages\/1653\/revisions\/22053"}],"wp:featuredmedia":[{"embeddable":true,"href":"https:\/\/www.ceaga.com\/en\/wp-json\/wp\/v2\/media\/17610"}],"wp:attachment":[{"href":"https:\/\/www.ceaga.com\/en\/wp-json\/wp\/v2\/media?parent=1653"}],"curies":[{"name":"wp","href":"https:\/\/api.w.org\/{rel}","templated":true}]}}