{"id":1642,"date":"2020-01-15T11:06:32","date_gmt":"2020-01-15T10:06:32","guid":{"rendered":"https:\/\/ceaga.com\/?page_id=1642"},"modified":"2020-02-20T14:23:34","modified_gmt":"2020-02-20T13:23:34","slug":"press-room","status":"publish","type":"page","link":"https:\/\/www.ceaga.com\/en\/press-room\/","title":{"rendered":"Press room"},"content":{"rendered":"\n<div id=\"prensaContacto\" class=\"wp-block-hacce-wrapper\">\n<h4 class=\"has-text-align-center wp-block-heading\">Press contact<\/h4>\n\n\n\n<div class=\"wp-block-hacce-wrapper\">\n<div class=\"wp-block-group\"><div class=\"wp-block-group__inner-container is-layout-flow wp-block-group-is-layout-flow\">\n<figure class=\"wp-block-image size-large\"><img decoding=\"async\" src=\"https:\/\/ceaga.com\/wp-content\/uploads\/2020\/01\/prensa-user.png\" alt=\"\" class=\"wp-image-2743\"\/><\/figure>\n\n\n\n<p>Clara Garc\u00eda<\/p>\n<\/div><\/div>\n\n\n\n<div class=\"wp-block-group\"><div class=\"wp-block-group__inner-container is-layout-flow wp-block-group-is-layout-flow\">\n<figure class=\"wp-block-image size-large\"><img decoding=\"async\" src=\"https:\/\/ceaga.com\/wp-content\/uploads\/2020\/01\/prensa-email-1.png\" alt=\"\" class=\"wp-image-2782\"\/><\/figure>\n\n\n\n<p><a href=\"mailto:clara.garcia@ceaga.com\">clara.garcia@ceaga.com<\/a><\/p>\n<\/div><\/div>\n\n\n\n<div class=\"wp-block-group\"><div class=\"wp-block-group__inner-container is-layout-flow wp-block-group-is-layout-flow\">\n<figure class=\"wp-block-image size-large\"><img decoding=\"async\" src=\"https:\/\/ceaga.com\/wp-content\/uploads\/2020\/01\/prensa-telephone.png\" alt=\"\" class=\"wp-image-2747\"\/><\/figure>\n\n\n\n<p><a href=\"tel:639333871\">Tel: 639 333 871<\/a><\/p>\n<\/div><\/div>\n<\/div>\n<\/div>\n","protected":false},"excerpt":{"rendered":"","protected":false},"author":47,"featured_media":0,"parent":0,"menu_order":0,"comment_status":"closed","ping_status":"closed","template":"templates\/template-prensa.php","meta":{"_acf_changed":false,"footnotes":""},"acf":[],"yoast_head":"<!-- This site is optimized with the Yoast SEO plugin v23.0 - https:\/\/yoast.com\/wordpress\/plugins\/seo\/ -->\n<title>Press room - CEAGA. Cluster de Automocion y Movilidad de Galicia<\/title>\n<meta name=\"robots\" content=\"index, follow, max-snippet:-1, max-image-preview:large, max-video-preview:-1\" \/>\n<link rel=\"canonical\" href=\"https:\/\/www.ceaga.com\/en\/press-room\/\" \/>\n<meta property=\"og:locale\" content=\"en_US\" \/>\n<meta property=\"og:type\" content=\"article\" \/>\n<meta property=\"og:title\" content=\"Press room - CEAGA. Cluster de Automocion y Movilidad de Galicia\" \/>\n<meta property=\"og:url\" content=\"https:\/\/www.ceaga.com\/en\/press-room\/\" \/>\n<meta property=\"og:site_name\" content=\"CEAGA. Cluster de Automocion y Movilidad de Galicia\" \/>\n<meta property=\"article:modified_time\" content=\"2020-02-20T13:23:34+00:00\" \/>\n<meta property=\"og:image\" content=\"https:\/\/ceaga.com\/wp-content\/uploads\/2020\/01\/prensa-user.png\" \/>\n<meta name=\"twitter:card\" content=\"summary_large_image\" \/>\n<script type=\"application\/ld+json\" class=\"yoast-schema-graph\">{\"@context\":\"https:\/\/schema.org\",\"@graph\":[{\"@type\":\"WebPage\",\"@id\":\"https:\/\/www.ceaga.com\/en\/press-room\/\",\"url\":\"https:\/\/www.ceaga.com\/en\/press-room\/\",\"name\":\"Press room - CEAGA. Cluster de Automocion y Movilidad de Galicia\",\"isPartOf\":{\"@id\":\"https:\/\/www.ceaga.com\/en\/#website\"},\"primaryImageOfPage\":{\"@id\":\"https:\/\/www.ceaga.com\/en\/press-room\/#primaryimage\"},\"image\":{\"@id\":\"https:\/\/www.ceaga.com\/en\/press-room\/#primaryimage\"},\"thumbnailUrl\":\"https:\/\/ceaga.com\/wp-content\/uploads\/2020\/01\/prensa-user.png\",\"datePublished\":\"2020-01-15T10:06:32+00:00\",\"dateModified\":\"2020-02-20T13:23:34+00:00\",\"breadcrumb\":{\"@id\":\"https:\/\/www.ceaga.com\/en\/press-room\/#breadcrumb\"},\"inLanguage\":\"en-US\",\"potentialAction\":[{\"@type\":\"ReadAction\",\"target\":[\"https:\/\/www.ceaga.com\/en\/press-room\/\"]}]},{\"@type\":\"ImageObject\",\"inLanguage\":\"en-US\",\"@id\":\"https:\/\/www.ceaga.com\/en\/press-room\/#primaryimage\",\"url\":\"https:\/\/ceaga.com\/wp-content\/uploads\/2020\/01\/prensa-user.png\",\"contentUrl\":\"https:\/\/ceaga.com\/wp-content\/uploads\/2020\/01\/prensa-user.png\"},{\"@type\":\"BreadcrumbList\",\"@id\":\"https:\/\/www.ceaga.com\/en\/press-room\/#breadcrumb\",\"itemListElement\":[{\"@type\":\"ListItem\",\"position\":1,\"name\":\"Portada\",\"item\":\"https:\/\/www.ceaga.com\/en\/\"},{\"@type\":\"ListItem\",\"position\":2,\"name\":\"Press room\"}]},{\"@type\":\"WebSite\",\"@id\":\"https:\/\/www.ceaga.com\/en\/#website\",\"url\":\"https:\/\/www.ceaga.com\/en\/\",\"name\":\"CEAGA. Cluster de Automoci\u00f3n y Movilidad de Galicia\",\"description\":\"CEAGA atesora a\u00f1os de experiencia en la puesta en marcha de proyectos colaborativos de alto impacto. Actualmente, damos soporte y apoyo estrat\u00e9gico en cluster management a otras entidades a nivel nacional e internacional. Para m\u00e1s info, solicita una reuni\u00f3n a trav\u00e9s de: ceaga@ceaga.com\",\"potentialAction\":[{\"@type\":\"SearchAction\",\"target\":{\"@type\":\"EntryPoint\",\"urlTemplate\":\"https:\/\/www.ceaga.com\/en\/?s={search_term_string}\"},\"query-input\":\"required name=search_term_string\"}],\"inLanguage\":\"en-US\"}]}<\/script>\n<!-- \/ Yoast SEO plugin. -->","yoast_head_json":{"title":"Press room - CEAGA. Cluster de Automocion y Movilidad de Galicia","robots":{"index":"index","follow":"follow","max-snippet":"max-snippet:-1","max-image-preview":"max-image-preview:large","max-video-preview":"max-video-preview:-1"},"canonical":"https:\/\/www.ceaga.com\/en\/press-room\/","og_locale":"en_US","og_type":"article","og_title":"Press room - CEAGA. Cluster de Automocion y Movilidad de Galicia","og_url":"https:\/\/www.ceaga.com\/en\/press-room\/","og_site_name":"CEAGA. Cluster de Automocion y Movilidad de Galicia","article_modified_time":"2020-02-20T13:23:34+00:00","og_image":[{"url":"https:\/\/ceaga.com\/wp-content\/uploads\/2020\/01\/prensa-user.png"}],"twitter_card":"summary_large_image","schema":{"@context":"https:\/\/schema.org","@graph":[{"@type":"WebPage","@id":"https:\/\/www.ceaga.com\/en\/press-room\/","url":"https:\/\/www.ceaga.com\/en\/press-room\/","name":"Press room - CEAGA. Cluster de Automocion y Movilidad de Galicia","isPartOf":{"@id":"https:\/\/www.ceaga.com\/en\/#website"},"primaryImageOfPage":{"@id":"https:\/\/www.ceaga.com\/en\/press-room\/#primaryimage"},"image":{"@id":"https:\/\/www.ceaga.com\/en\/press-room\/#primaryimage"},"thumbnailUrl":"https:\/\/ceaga.com\/wp-content\/uploads\/2020\/01\/prensa-user.png","datePublished":"2020-01-15T10:06:32+00:00","dateModified":"2020-02-20T13:23:34+00:00","breadcrumb":{"@id":"https:\/\/www.ceaga.com\/en\/press-room\/#breadcrumb"},"inLanguage":"en-US","potentialAction":[{"@type":"ReadAction","target":["https:\/\/www.ceaga.com\/en\/press-room\/"]}]},{"@type":"ImageObject","inLanguage":"en-US","@id":"https:\/\/www.ceaga.com\/en\/press-room\/#primaryimage","url":"https:\/\/ceaga.com\/wp-content\/uploads\/2020\/01\/prensa-user.png","contentUrl":"https:\/\/ceaga.com\/wp-content\/uploads\/2020\/01\/prensa-user.png"},{"@type":"BreadcrumbList","@id":"https:\/\/www.ceaga.com\/en\/press-room\/#breadcrumb","itemListElement":[{"@type":"ListItem","position":1,"name":"Portada","item":"https:\/\/www.ceaga.com\/en\/"},{"@type":"ListItem","position":2,"name":"Press room"}]},{"@type":"WebSite","@id":"https:\/\/www.ceaga.com\/en\/#website","url":"https:\/\/www.ceaga.com\/en\/","name":"CEAGA. Cluster de Automoci\u00f3n y Movilidad de Galicia","description":"CEAGA atesora a\u00f1os de experiencia en la puesta en marcha de proyectos colaborativos de alto impacto. Actualmente, damos soporte y apoyo estrat\u00e9gico en cluster management a otras entidades a nivel nacional e internacional. Para m\u00e1s info, solicita una reuni\u00f3n a trav\u00e9s de: ceaga@ceaga.com","potentialAction":[{"@type":"SearchAction","target":{"@type":"EntryPoint","urlTemplate":"https:\/\/www.ceaga.com\/en\/?s={search_term_string}"},"query-input":"required name=search_term_string"}],"inLanguage":"en-US"}]}},"_links":{"self":[{"href":"https:\/\/www.ceaga.com\/en\/wp-json\/wp\/v2\/pages\/1642"}],"collection":[{"href":"https:\/\/www.ceaga.com\/en\/wp-json\/wp\/v2\/pages"}],"about":[{"href":"https:\/\/www.ceaga.com\/en\/wp-json\/wp\/v2\/types\/page"}],"author":[{"embeddable":true,"href":"https:\/\/www.ceaga.com\/en\/wp-json\/wp\/v2\/users\/47"}],"replies":[{"embeddable":true,"href":"https:\/\/www.ceaga.com\/en\/wp-json\/wp\/v2\/comments?post=1642"}],"version-history":[{"count":1,"href":"https:\/\/www.ceaga.com\/en\/wp-json\/wp\/v2\/pages\/1642\/revisions"}],"predecessor-version":[{"id":12767,"href":"https:\/\/www.ceaga.com\/en\/wp-json\/wp\/v2\/pages\/1642\/revisions\/12767"}],"wp:attachment":[{"href":"https:\/\/www.ceaga.com\/en\/wp-json\/wp\/v2\/media?parent=1642"}],"curies":[{"name":"wp","href":"https:\/\/api.w.org\/{rel}","templated":true}]}}