{"id":1638,"date":"2020-01-15T11:05:54","date_gmt":"2020-01-15T10:05:54","guid":{"rendered":"https:\/\/ceaga.com\/?page_id=1638"},"modified":"2023-10-24T13:08:52","modified_gmt":"2023-10-24T11:08:52","slug":"legal-information","status":"publish","type":"page","link":"https:\/\/www.ceaga.com\/en\/legal-information\/","title":{"rendered":"Legal information"},"content":{"rendered":"\n<p>The domain\u00a0<a href=\"http:\/\/www.ceaga.com\/www.ceaga.com\">www.ceaga.com<\/a>\u00a0is owned by the Galician Automotive and Mobility Cluster Foundation, CEAGA with NIF.- G-36.983.575, located at Avda Citro\u00ebn, 3 and 5, 1st Floor, 36210 Vigo (Pontevedra) and Telephone 986.213.790, registered in the Register of Galician interest foundations, section of the Ministry of Economy and Industry, with 2006\/20 number.<\/p>\n\n\n\n<p>The website and all the domains and directories included under it (hereinafter jointly referred to as Portal), fulfill the function of general information and attention to the citizen in the terms of what is established in article 4 of Royal Decree 208\/1996, of February 9th, which regulates administrative information services and citizen service.<\/p>\n\n\n\n<p>The Galician Automotive and Mobility Cluster Foundation, CEAGA, is not responsible for the replies made through the different email addresses that appear on its portal, except those of the department itself, so that in no case may it be derived binding legal effect of them in the terms of the provisions of the article 4 of Royal Decree 208\/1996.<\/p>\n\n\n\n<p>In order to keep the information published on the portal updated, its contents may be modified, corrected, deleted or added at any time, so it will be convenient to verify the validity or accuracy of the same by going to official sources.<\/p>\n\n\n\n<p>The design of the portal and its source code, logos, brands and other distinctive signs that appear on it belong to the Galician Automotive and Mobility Cluster Foundation, CEAGA, and they are protected by the corresponding intellectual property rights.<\/p>\n\n\n\n<p>In accordance with current regulations on data protection, Regulation (EU) 2016\/679 of the European Parliament and the Council of April 27th, 2016 (General Data Protection Regulation) and the Organic Law on Personal Data Protection and Guarantee of Digital Rights (LOPDGDD, Law 3\/2018 of December 5th), the Galician Automotive and Mobility Cluster Foundation, CEAGA, undertakes to fulfill its obligation of secrecy with personal data that may be requested through the services of this Web and the duty to treat them with confidentiality. For these purposes, the necessary measures will be taken to prevent its alteration, loss, treatment or unauthorized access. At all times the user may exercise the rights of access, rectification, cancellation or opposition by sending an email to&nbsp;<a href=\"mailto:ceaga@ceaga.com\">ceaga@ceaga.com<\/a><\/p>\n\n\n\n<p>The total or partial reproduction of the contents of the portal is prohibited without mentioning their origin or requesting authorization.<\/p>\n","protected":false},"excerpt":{"rendered":"<p>The domain\u00a0www.ceaga.com\u00a0is owned by the Galician Automotive and Mobility Cluster Foundation, CEAGA with NIF.- G-36.983.575, located at Avda Citro\u00ebn, 3 and 5, 1st Floor, 36210 Vigo (Pontevedra) and Telephone 986.213.790, registered in the Register of Galician interest foundations, section of the Ministry of Economy and Industry, with 2006\/20 number. The website and all the domains [&hellip;]<\/p>\n","protected":false},"author":47,"featured_media":0,"parent":0,"menu_order":0,"comment_status":"closed","ping_status":"closed","template":"","meta":{"_acf_changed":false,"footnotes":""},"acf":[],"yoast_head":"<!-- This site is optimized with the Yoast SEO plugin v23.0 - https:\/\/yoast.com\/wordpress\/plugins\/seo\/ -->\n<title>Legal information - CEAGA. Cluster de Automocion y Movilidad de Galicia<\/title>\n<meta name=\"robots\" content=\"index, follow, max-snippet:-1, max-image-preview:large, max-video-preview:-1\" \/>\n<link rel=\"canonical\" href=\"https:\/\/www.ceaga.com\/en\/legal-information\/\" \/>\n<meta property=\"og:locale\" content=\"en_US\" \/>\n<meta property=\"og:type\" content=\"article\" \/>\n<meta property=\"og:title\" content=\"Legal information - CEAGA. Cluster de Automocion y Movilidad de Galicia\" \/>\n<meta property=\"og:description\" content=\"The domain\u00a0www.ceaga.com\u00a0is owned by the Galician Automotive and Mobility Cluster Foundation, CEAGA with NIF.- G-36.983.575, located at Avda Citro\u00ebn, 3 and 5, 1st Floor, 36210 Vigo (Pontevedra) and Telephone 986.213.790, registered in the Register of Galician interest foundations, section of the Ministry of Economy and Industry, with 2006\/20 number. The website and all the domains [&hellip;]\" \/>\n<meta property=\"og:url\" content=\"https:\/\/www.ceaga.com\/en\/legal-information\/\" \/>\n<meta property=\"og:site_name\" content=\"CEAGA. Cluster de Automocion y Movilidad de Galicia\" \/>\n<meta property=\"article:modified_time\" content=\"2023-10-24T11:08:52+00:00\" \/>\n<meta name=\"twitter:card\" content=\"summary_large_image\" \/>\n<meta name=\"twitter:label1\" content=\"Est. reading time\" \/>\n\t<meta name=\"twitter:data1\" content=\"2 minutes\" \/>\n<script type=\"application\/ld+json\" class=\"yoast-schema-graph\">{\"@context\":\"https:\/\/schema.org\",\"@graph\":[{\"@type\":\"WebPage\",\"@id\":\"https:\/\/www.ceaga.com\/en\/legal-information\/\",\"url\":\"https:\/\/www.ceaga.com\/en\/legal-information\/\",\"name\":\"Legal information - CEAGA. Cluster de Automocion y Movilidad de Galicia\",\"isPartOf\":{\"@id\":\"https:\/\/www.ceaga.com\/en\/#website\"},\"datePublished\":\"2020-01-15T10:05:54+00:00\",\"dateModified\":\"2023-10-24T11:08:52+00:00\",\"breadcrumb\":{\"@id\":\"https:\/\/www.ceaga.com\/en\/legal-information\/#breadcrumb\"},\"inLanguage\":\"en-US\",\"potentialAction\":[{\"@type\":\"ReadAction\",\"target\":[\"https:\/\/www.ceaga.com\/en\/legal-information\/\"]}]},{\"@type\":\"BreadcrumbList\",\"@id\":\"https:\/\/www.ceaga.com\/en\/legal-information\/#breadcrumb\",\"itemListElement\":[{\"@type\":\"ListItem\",\"position\":1,\"name\":\"Portada\",\"item\":\"https:\/\/www.ceaga.com\/en\/\"},{\"@type\":\"ListItem\",\"position\":2,\"name\":\"Legal information\"}]},{\"@type\":\"WebSite\",\"@id\":\"https:\/\/www.ceaga.com\/en\/#website\",\"url\":\"https:\/\/www.ceaga.com\/en\/\",\"name\":\"CEAGA. Cluster de Automoci\u00f3n y Movilidad de Galicia\",\"description\":\"CEAGA atesora a\u00f1os de experiencia en la puesta en marcha de proyectos colaborativos de alto impacto. Actualmente, damos soporte y apoyo estrat\u00e9gico en cluster management a otras entidades a nivel nacional e internacional. Para m\u00e1s info, solicita una reuni\u00f3n a trav\u00e9s de: ceaga@ceaga.com\",\"potentialAction\":[{\"@type\":\"SearchAction\",\"target\":{\"@type\":\"EntryPoint\",\"urlTemplate\":\"https:\/\/www.ceaga.com\/en\/?s={search_term_string}\"},\"query-input\":\"required name=search_term_string\"}],\"inLanguage\":\"en-US\"}]}<\/script>\n<!-- \/ Yoast SEO plugin. -->","yoast_head_json":{"title":"Legal information - CEAGA. Cluster de Automocion y Movilidad de Galicia","robots":{"index":"index","follow":"follow","max-snippet":"max-snippet:-1","max-image-preview":"max-image-preview:large","max-video-preview":"max-video-preview:-1"},"canonical":"https:\/\/www.ceaga.com\/en\/legal-information\/","og_locale":"en_US","og_type":"article","og_title":"Legal information - CEAGA. Cluster de Automocion y Movilidad de Galicia","og_description":"The domain\u00a0www.ceaga.com\u00a0is owned by the Galician Automotive and Mobility Cluster Foundation, CEAGA with NIF.- G-36.983.575, located at Avda Citro\u00ebn, 3 and 5, 1st Floor, 36210 Vigo (Pontevedra) and Telephone 986.213.790, registered in the Register of Galician interest foundations, section of the Ministry of Economy and Industry, with 2006\/20 number. The website and all the domains [&hellip;]","og_url":"https:\/\/www.ceaga.com\/en\/legal-information\/","og_site_name":"CEAGA. Cluster de Automocion y Movilidad de Galicia","article_modified_time":"2023-10-24T11:08:52+00:00","twitter_card":"summary_large_image","twitter_misc":{"Est. reading time":"2 minutes"},"schema":{"@context":"https:\/\/schema.org","@graph":[{"@type":"WebPage","@id":"https:\/\/www.ceaga.com\/en\/legal-information\/","url":"https:\/\/www.ceaga.com\/en\/legal-information\/","name":"Legal information - CEAGA. Cluster de Automocion y Movilidad de Galicia","isPartOf":{"@id":"https:\/\/www.ceaga.com\/en\/#website"},"datePublished":"2020-01-15T10:05:54+00:00","dateModified":"2023-10-24T11:08:52+00:00","breadcrumb":{"@id":"https:\/\/www.ceaga.com\/en\/legal-information\/#breadcrumb"},"inLanguage":"en-US","potentialAction":[{"@type":"ReadAction","target":["https:\/\/www.ceaga.com\/en\/legal-information\/"]}]},{"@type":"BreadcrumbList","@id":"https:\/\/www.ceaga.com\/en\/legal-information\/#breadcrumb","itemListElement":[{"@type":"ListItem","position":1,"name":"Portada","item":"https:\/\/www.ceaga.com\/en\/"},{"@type":"ListItem","position":2,"name":"Legal information"}]},{"@type":"WebSite","@id":"https:\/\/www.ceaga.com\/en\/#website","url":"https:\/\/www.ceaga.com\/en\/","name":"CEAGA. Cluster de Automoci\u00f3n y Movilidad de Galicia","description":"CEAGA atesora a\u00f1os de experiencia en la puesta en marcha de proyectos colaborativos de alto impacto. Actualmente, damos soporte y apoyo estrat\u00e9gico en cluster management a otras entidades a nivel nacional e internacional. Para m\u00e1s info, solicita una reuni\u00f3n a trav\u00e9s de: ceaga@ceaga.com","potentialAction":[{"@type":"SearchAction","target":{"@type":"EntryPoint","urlTemplate":"https:\/\/www.ceaga.com\/en\/?s={search_term_string}"},"query-input":"required name=search_term_string"}],"inLanguage":"en-US"}]}},"_links":{"self":[{"href":"https:\/\/www.ceaga.com\/en\/wp-json\/wp\/v2\/pages\/1638"}],"collection":[{"href":"https:\/\/www.ceaga.com\/en\/wp-json\/wp\/v2\/pages"}],"about":[{"href":"https:\/\/www.ceaga.com\/en\/wp-json\/wp\/v2\/types\/page"}],"author":[{"embeddable":true,"href":"https:\/\/www.ceaga.com\/en\/wp-json\/wp\/v2\/users\/47"}],"replies":[{"embeddable":true,"href":"https:\/\/www.ceaga.com\/en\/wp-json\/wp\/v2\/comments?post=1638"}],"version-history":[{"count":3,"href":"https:\/\/www.ceaga.com\/en\/wp-json\/wp\/v2\/pages\/1638\/revisions"}],"predecessor-version":[{"id":21352,"href":"https:\/\/www.ceaga.com\/en\/wp-json\/wp\/v2\/pages\/1638\/revisions\/21352"}],"wp:attachment":[{"href":"https:\/\/www.ceaga.com\/en\/wp-json\/wp\/v2\/media?parent=1638"}],"curies":[{"name":"wp","href":"https:\/\/api.w.org\/{rel}","templated":true}]}}