{"id":1631,"date":"2020-01-15T11:04:27","date_gmt":"2020-01-15T10:04:27","guid":{"rendered":"https:\/\/ceaga.com\/?page_id=1631"},"modified":"2025-09-10T13:02:00","modified_gmt":"2025-09-10T11:02:00","slug":"what-is-ceaga","status":"publish","type":"page","link":"https:\/\/www.ceaga.com\/en\/what-is-ceaga\/","title":{"rendered":"What is CEAGA"},"content":{"rendered":"\n<div id=\"plan-presentacion\" class=\"wp-block-hacce-wrapper pb-5\"><div class=\"container\">\n<div class=\"wp-block-hacce-wrapper row\">\n<div class=\"wp-block-hacce-wrapper col-lg-5 wow fadeInLeft\">\n<h2 class=\"wp-block-heading\"><strong>Galician Automotive and Mobility Cluster Foundation (CEAGA)<\/strong><\/h2>\n\n\n\n<p>The Galician Automotive and Mobility Cluster Foundation (CEAGA) promotes high-impact cooperative projects to improve the competitiveness of the Galician automotive and mobility industry.<\/p>\n<\/div>\n\n\n\n<div class=\"wp-block-hacce-wrapper col-lg-7 wow fadeInRight\"><div class=\"wp-block-image playVideo\">\n<figure class=\"aligncenter size-large\"><img loading=\"lazy\" decoding=\"async\" width=\"1024\" height=\"576\" src=\"https:\/\/www.ceaga.com\/wp-content\/uploads\/2024\/07\/Miniatura-YT-1-1-1024x576.png\" alt=\"\" class=\"wp-image-22349\" srcset=\"https:\/\/www.ceaga.com\/wp-content\/uploads\/2024\/07\/Miniatura-YT-1-1-1024x576.png 1024w, https:\/\/www.ceaga.com\/wp-content\/uploads\/2024\/07\/Miniatura-YT-1-1-300x169.png 300w, https:\/\/www.ceaga.com\/wp-content\/uploads\/2024\/07\/Miniatura-YT-1-1-768x432.png 768w, https:\/\/www.ceaga.com\/wp-content\/uploads\/2024\/07\/Miniatura-YT-1-1.png 1280w\" sizes=\"(max-width: 1024px) 100vw, 1024px\" \/><\/figure><\/div>\n\n\n<figure class=\"wp-block-image size-large btnPlay\"><img decoding=\"async\" src=\"https:\/\/ceaga.com\/wp-content\/uploads\/2020\/01\/playVideo-1.png\" alt=\"\" class=\"wp-image-1749\"\/><\/figure>\n<\/div>\n<\/div>\n<\/div><\/div>\n\n\n\n<div id=\"plan-vision\" class=\"wp-block-hacce-wrapper\" style=\"background-image:url(https:\/\/ceaga.com\/wp-content\/uploads\/2020\/01\/propuestaBG-1.jpg)\"><div class=\"container\">\n<div class=\"wp-block-hacce-wrapper row wow fadeIn\">\n<div class=\"wp-block-hacce-wrapper col-12\"><div class=\"wp-block-image\">\n<figure class=\"alignleft size-large\"><img decoding=\"async\" src=\"https:\/\/ceaga.com\/wp-content\/uploads\/2020\/01\/gold-label-1.png\" alt=\"\" class=\"wp-image-1753\"\/><\/figure><\/div>\n\n\n<h5 class=\"wp-block-heading\">GOLD LABEL<\/h5>\n\n\n\n<p class=\"h1\">The Galician Automotive and Mobility Cluster maintains its position as one of the best managed clusters in the EU.<br>The ESCA renewed the &#8220;Gold Label&#8221; accreditation to CEAGA placing it in second position among the highest-rated clusters in the European Union.<\/p>\n<\/div>\n<\/div>\n<\/div><\/div>\n\n\n\n<div class=\"wp-block-hacce-wrapper py-5\"><div class=\"container\">\n<div class=\"wp-block-hacce-wrapper row\">\n<div class=\"wp-block-hacce-wrapper col-lg-12 wow fadeInDown\">\n<h2 class=\"wp-block-heading has-text-align-center h1 titulo mb-4 has-text-color\" style=\"color:#0084a4\">Who are we and what do we do?<\/h2>\n<\/div>\n\n\n\n<div class=\"wp-block-hacce-wrapper col-lg-6 wow fadeInLeft\">\n<p>CEAGA is a cluster organization that represents the entire value chain of the Automotive Sector of Galicia, that is, all those companies that are dedicated to the manufacture of vehicles and components in large series, as well as those companies belonging to the chain of auxiliary value.<\/p>\n\n\n\n<p>The CEAGA\u2019s vision is to situate the Galician Automotive industry in the position of competitiveness and sustainability leader in a global level in a 2030 horizon, contributing to the progress and quality of life in our region. With this objective, promotes high-impact cooperative projects to improve the competitiveness of the Galician automotive and mobility industry.<\/p>\n\n\n\n<p>CEAGA gathers the whole automotive and mobility industry in Galicia: the car maker, the Stellantis Center of Vigo; more than 160 consolidated component manufacturers and service providers; the Automotive Technology Centre of Galicia, CTAG; and new startups created within the framework of the BFA, constituting a complete innovation pole of more than 200 companies.<\/p>\n\n\n\n<p>Over the years, CEAGA has enabled the sector to develop initiatives of high strategic value, thus becoming a reference cluster in Spain and Europe.<\/p>\n<\/div>\n\n\n\n<div class=\"wp-block-hacce-wrapper col-lg-6 wow fadeInRight\">\n<p>Proof of this is the fact that the Ministry of Industry, Commerce and Tourism (Mincotur) keeps the CEAGA Foundation in the Innovative Business Groupings (AEI) Register, with the category of &#8220;excellent&#8221;, after assessing its level of excellence.<\/p>\n\n\n\n<p>At international level, CEAGA maintains its position as one of the best managed clusters in the European Union, according to the &#8220;European Secretariat Clusters Analysis&#8221; (ESCA). After the audit carried out again in 2025, ESCA renewed the \u201cGold Label\u201d accreditation to CEAGA for demonstrating a high level of excellence in its strategy, services and management. The score obtained has been 98 points out of 100, which places it in second position among the highest-rated clusters in the European Union.<\/p>\n\n\n\n<p>This recognition is an independent accreditation and a tool for clusters, accepted and recognized all over Europe, which also offers the opportunity to be part of the Cluster Excellence Expert Group (CEEG).<\/p>\n<\/div>\n<\/div>\n<\/div><\/div>\n\n\n<div class=\"wp-block-image\">\n<figure class=\"aligncenter size-full\"><img decoding=\"async\" src=\"https:\/\/ceaga.com\/wp-content\/uploads\/2020\/01\/imgfondo.jpg\" alt=\"\" class=\"wp-image-4938\"\/><\/figure><\/div>\n\n\n<div id=\"ceaga-objetivos\" class=\"wp-block-hacce-wrapper py-5\"><div class=\"container\">\n<div class=\"wp-block-hacce-wrapper row\">\n<div class=\"wp-block-hacce-wrapper col-lg-12 wow fadeIn\">\n<h3 class=\"wp-block-heading\">Objectives<\/h3>\n<\/div>\n\n\n\n<div class=\"wp-block-hacce-wrapper col-lg-8 wow fadeIn\">\n<div class=\"wp-block-group objetivo\"><div class=\"wp-block-group__inner-container is-layout-flow wp-block-group-is-layout-flow\">\n<figure class=\"wp-block-image size-large\"><img decoding=\"async\" src=\"https:\/\/ceaga.com\/wp-content\/uploads\/2020\/01\/ico-liderazgo-3.png\" alt=\"\" class=\"wp-image-1766\"\/><\/figure>\n\n\n\n<h4 class=\"wp-block-heading\">Competitiveness and sustainability leader<\/h4>\n\n\n\n<p>The objectives of the CEAGA Foundation are: to situate the Galician Automotive industry in the position of competitiveness and sustainability leader in a global level in a 2025 horizon, contributing to the progress and quality of life in our region.<\/p>\n<\/div><\/div>\n<\/div>\n\n\n\n<div class=\"wp-block-hacce-wrapper col-lg-4 wow fadeIn\">\n<div class=\"wp-block-group objetivo\"><div class=\"wp-block-group__inner-container is-layout-flow wp-block-group-is-layout-flow\">\n<figure class=\"wp-block-image size-large\"><img decoding=\"async\" src=\"https:\/\/ceaga.com\/wp-content\/uploads\/2020\/01\/ico-competitividad-3.png\" alt=\"\" class=\"wp-image-1768\"\/><\/figure>\n\n\n\n<h4 class=\"wp-block-heading\">Competitiveness<\/h4>\n\n\n\n<p>Competitiveness, in terms of quality and cost<\/p>\n<\/div><\/div>\n<\/div>\n\n\n\n<div class=\"wp-block-hacce-wrapper col-lg-4 wow fadeIn\">\n<div class=\"wp-block-group objetivo\"><div class=\"wp-block-group__inner-container is-layout-flow wp-block-group-is-layout-flow\">\n<figure class=\"wp-block-image size-large\"><img decoding=\"async\" src=\"https:\/\/ceaga.com\/wp-content\/uploads\/2020\/01\/ico-flexibilidad-1.png\" alt=\"\" class=\"wp-image-1774\"\/><\/figure>\n\n\n\n<h4 class=\"wp-block-heading\">Flexibility<\/h4>\n\n\n\n<p>Flexibility when adapting to changes in the market<\/p>\n<\/div><\/div>\n<\/div>\n\n\n\n<div class=\"wp-block-hacce-wrapper col-lg-4 wow fadeIn\">\n<div class=\"wp-block-group objetivo\"><div class=\"wp-block-group__inner-container is-layout-flow wp-block-group-is-layout-flow\">\n<figure class=\"wp-block-image size-large\"><img decoding=\"async\" src=\"https:\/\/ceaga.com\/wp-content\/uploads\/2020\/01\/ico-innovacion-3.png\" alt=\"\" class=\"wp-image-1776\"\/><\/figure>\n\n\n\n<h4 class=\"wp-block-heading\">Innovation<\/h4>\n\n\n\n<p>Innovation and technological capacity<\/p>\n<\/div><\/div>\n<\/div>\n\n\n\n<div class=\"wp-block-hacce-wrapper col-lg-4 wow fadeIn\">\n<div class=\"wp-block-group objetivo\"><div class=\"wp-block-group__inner-container is-layout-flow wp-block-group-is-layout-flow\">\n<figure class=\"wp-block-image size-large\"><img decoding=\"async\" src=\"https:\/\/ceaga.com\/wp-content\/uploads\/2020\/01\/ico-desarrollo-3.png\" alt=\"\" class=\"wp-image-1778\"\/><\/figure>\n\n\n\n<h4 class=\"wp-block-heading\">Development<\/h4>\n\n\n\n<p>Development of the industrial framework and economy<\/p>\n<\/div><\/div>\n<\/div>\n\n\n\n<div class=\"wp-block-hacce-wrapper col-lg-4 wow fadeIn\">\n<div class=\"wp-block-group objetivo\"><div class=\"wp-block-group__inner-container is-layout-flow wp-block-group-is-layout-flow\">\n<figure class=\"wp-block-image size-large\"><img decoding=\"async\" src=\"https:\/\/ceaga.com\/wp-content\/uploads\/2020\/01\/ico-cooperacion-1.png\" alt=\"\" class=\"wp-image-1780\"\/><\/figure>\n\n\n\n<h4 class=\"wp-block-heading\">Cooperation<\/h4>\n\n\n\n<p>Sectorial cooperation<\/p>\n<\/div><\/div>\n<\/div>\n\n\n\n<div class=\"wp-block-hacce-wrapper col-lg-4 wow fadeIn\">\n<div class=\"wp-block-group objetivo\"><div class=\"wp-block-group__inner-container is-layout-flow wp-block-group-is-layout-flow\">\n<figure class=\"wp-block-image size-large\"><img decoding=\"async\" src=\"https:\/\/ceaga.com\/wp-content\/uploads\/2020\/01\/ico-personas-3.png\" alt=\"\" class=\"wp-image-1782\"\/><\/figure>\n\n\n\n<h4 class=\"wp-block-heading\">Individuals<\/h4>\n\n\n\n<p>The integral development of individuals<\/p>\n<\/div><\/div>\n<\/div>\n\n\n\n<div class=\"wp-block-hacce-wrapper col-lg-4 wow fadeIn\">\n<div class=\"wp-block-group objetivo\"><div class=\"wp-block-group__inner-container is-layout-flow wp-block-group-is-layout-flow\">\n<figure class=\"wp-block-image size-large\"><img decoding=\"async\" src=\"https:\/\/ceaga.com\/wp-content\/uploads\/2020\/01\/ico-galicia-1.png\" alt=\"\" class=\"wp-image-1784\"\/><\/figure>\n\n\n\n<h4 class=\"wp-block-heading\">Galicia<\/h4>\n\n\n\n<p>Commitment to the region<\/p>\n<\/div><\/div>\n<\/div>\n<\/div>\n<\/div><\/div>\n","protected":false},"excerpt":{"rendered":"","protected":false},"author":47,"featured_media":0,"parent":0,"menu_order":0,"comment_status":"closed","ping_status":"closed","template":"templates\/template-ceaga.php","meta":{"_acf_changed":false,"footnotes":""},"acf":[],"yoast_head":"<!-- This site is optimized with the Yoast SEO plugin v23.0 - https:\/\/yoast.com\/wordpress\/plugins\/seo\/ -->\n<title>What is CEAGA - CEAGA. Cluster de Automocion y Movilidad de Galicia<\/title>\n<meta name=\"robots\" content=\"index, follow, max-snippet:-1, max-image-preview:large, max-video-preview:-1\" \/>\n<link rel=\"canonical\" href=\"https:\/\/www.ceaga.com\/en\/what-is-ceaga\/\" \/>\n<meta property=\"og:locale\" content=\"en_US\" \/>\n<meta property=\"og:type\" content=\"article\" \/>\n<meta property=\"og:title\" content=\"What is CEAGA - CEAGA. Cluster de Automocion y Movilidad de Galicia\" \/>\n<meta property=\"og:url\" content=\"https:\/\/www.ceaga.com\/en\/what-is-ceaga\/\" \/>\n<meta property=\"og:site_name\" content=\"CEAGA. Cluster de Automocion y Movilidad de Galicia\" \/>\n<meta property=\"article:modified_time\" content=\"2025-09-10T11:02:00+00:00\" \/>\n<meta property=\"og:image\" content=\"https:\/\/www.ceaga.com\/wp-content\/uploads\/2024\/07\/Miniatura-YT-1-1-1024x576.png\" \/>\n<meta name=\"twitter:card\" content=\"summary_large_image\" \/>\n<meta name=\"twitter:label1\" content=\"Est. reading time\" \/>\n\t<meta name=\"twitter:data1\" content=\"5 minutes\" \/>\n<script type=\"application\/ld+json\" class=\"yoast-schema-graph\">{\"@context\":\"https:\/\/schema.org\",\"@graph\":[{\"@type\":\"WebPage\",\"@id\":\"https:\/\/www.ceaga.com\/en\/what-is-ceaga\/\",\"url\":\"https:\/\/www.ceaga.com\/en\/what-is-ceaga\/\",\"name\":\"What is CEAGA - CEAGA. Cluster de Automocion y Movilidad de Galicia\",\"isPartOf\":{\"@id\":\"https:\/\/www.ceaga.com\/en\/#website\"},\"primaryImageOfPage\":{\"@id\":\"https:\/\/www.ceaga.com\/en\/what-is-ceaga\/#primaryimage\"},\"image\":{\"@id\":\"https:\/\/www.ceaga.com\/en\/what-is-ceaga\/#primaryimage\"},\"thumbnailUrl\":\"https:\/\/www.ceaga.com\/wp-content\/uploads\/2024\/07\/Miniatura-YT-1-1-1024x576.png\",\"datePublished\":\"2020-01-15T10:04:27+00:00\",\"dateModified\":\"2025-09-10T11:02:00+00:00\",\"breadcrumb\":{\"@id\":\"https:\/\/www.ceaga.com\/en\/what-is-ceaga\/#breadcrumb\"},\"inLanguage\":\"en-US\",\"potentialAction\":[{\"@type\":\"ReadAction\",\"target\":[\"https:\/\/www.ceaga.com\/en\/what-is-ceaga\/\"]}]},{\"@type\":\"ImageObject\",\"inLanguage\":\"en-US\",\"@id\":\"https:\/\/www.ceaga.com\/en\/what-is-ceaga\/#primaryimage\",\"url\":\"https:\/\/www.ceaga.com\/wp-content\/uploads\/2024\/07\/Miniatura-YT-1-1-1024x576.png\",\"contentUrl\":\"https:\/\/www.ceaga.com\/wp-content\/uploads\/2024\/07\/Miniatura-YT-1-1-1024x576.png\"},{\"@type\":\"BreadcrumbList\",\"@id\":\"https:\/\/www.ceaga.com\/en\/what-is-ceaga\/#breadcrumb\",\"itemListElement\":[{\"@type\":\"ListItem\",\"position\":1,\"name\":\"Portada\",\"item\":\"https:\/\/www.ceaga.com\/en\/\"},{\"@type\":\"ListItem\",\"position\":2,\"name\":\"What is CEAGA\"}]},{\"@type\":\"WebSite\",\"@id\":\"https:\/\/www.ceaga.com\/en\/#website\",\"url\":\"https:\/\/www.ceaga.com\/en\/\",\"name\":\"CEAGA. Cluster de Automoci\u00f3n y Movilidad de Galicia\",\"description\":\"CEAGA atesora a\u00f1os de experiencia en la puesta en marcha de proyectos colaborativos de alto impacto. Actualmente, damos soporte y apoyo estrat\u00e9gico en cluster management a otras entidades a nivel nacional e internacional. Para m\u00e1s info, solicita una reuni\u00f3n a trav\u00e9s de: ceaga@ceaga.com\",\"potentialAction\":[{\"@type\":\"SearchAction\",\"target\":{\"@type\":\"EntryPoint\",\"urlTemplate\":\"https:\/\/www.ceaga.com\/en\/?s={search_term_string}\"},\"query-input\":\"required name=search_term_string\"}],\"inLanguage\":\"en-US\"}]}<\/script>\n<!-- \/ Yoast SEO plugin. -->","yoast_head_json":{"title":"What is CEAGA - CEAGA. Cluster de Automocion y Movilidad de Galicia","robots":{"index":"index","follow":"follow","max-snippet":"max-snippet:-1","max-image-preview":"max-image-preview:large","max-video-preview":"max-video-preview:-1"},"canonical":"https:\/\/www.ceaga.com\/en\/what-is-ceaga\/","og_locale":"en_US","og_type":"article","og_title":"What is CEAGA - CEAGA. Cluster de Automocion y Movilidad de Galicia","og_url":"https:\/\/www.ceaga.com\/en\/what-is-ceaga\/","og_site_name":"CEAGA. Cluster de Automocion y Movilidad de Galicia","article_modified_time":"2025-09-10T11:02:00+00:00","og_image":[{"url":"https:\/\/www.ceaga.com\/wp-content\/uploads\/2024\/07\/Miniatura-YT-1-1-1024x576.png"}],"twitter_card":"summary_large_image","twitter_misc":{"Est. reading time":"5 minutes"},"schema":{"@context":"https:\/\/schema.org","@graph":[{"@type":"WebPage","@id":"https:\/\/www.ceaga.com\/en\/what-is-ceaga\/","url":"https:\/\/www.ceaga.com\/en\/what-is-ceaga\/","name":"What is CEAGA - CEAGA. Cluster de Automocion y Movilidad de Galicia","isPartOf":{"@id":"https:\/\/www.ceaga.com\/en\/#website"},"primaryImageOfPage":{"@id":"https:\/\/www.ceaga.com\/en\/what-is-ceaga\/#primaryimage"},"image":{"@id":"https:\/\/www.ceaga.com\/en\/what-is-ceaga\/#primaryimage"},"thumbnailUrl":"https:\/\/www.ceaga.com\/wp-content\/uploads\/2024\/07\/Miniatura-YT-1-1-1024x576.png","datePublished":"2020-01-15T10:04:27+00:00","dateModified":"2025-09-10T11:02:00+00:00","breadcrumb":{"@id":"https:\/\/www.ceaga.com\/en\/what-is-ceaga\/#breadcrumb"},"inLanguage":"en-US","potentialAction":[{"@type":"ReadAction","target":["https:\/\/www.ceaga.com\/en\/what-is-ceaga\/"]}]},{"@type":"ImageObject","inLanguage":"en-US","@id":"https:\/\/www.ceaga.com\/en\/what-is-ceaga\/#primaryimage","url":"https:\/\/www.ceaga.com\/wp-content\/uploads\/2024\/07\/Miniatura-YT-1-1-1024x576.png","contentUrl":"https:\/\/www.ceaga.com\/wp-content\/uploads\/2024\/07\/Miniatura-YT-1-1-1024x576.png"},{"@type":"BreadcrumbList","@id":"https:\/\/www.ceaga.com\/en\/what-is-ceaga\/#breadcrumb","itemListElement":[{"@type":"ListItem","position":1,"name":"Portada","item":"https:\/\/www.ceaga.com\/en\/"},{"@type":"ListItem","position":2,"name":"What is CEAGA"}]},{"@type":"WebSite","@id":"https:\/\/www.ceaga.com\/en\/#website","url":"https:\/\/www.ceaga.com\/en\/","name":"CEAGA. Cluster de Automoci\u00f3n y Movilidad de Galicia","description":"CEAGA atesora a\u00f1os de experiencia en la puesta en marcha de proyectos colaborativos de alto impacto. Actualmente, damos soporte y apoyo estrat\u00e9gico en cluster management a otras entidades a nivel nacional e internacional. Para m\u00e1s info, solicita una reuni\u00f3n a trav\u00e9s de: ceaga@ceaga.com","potentialAction":[{"@type":"SearchAction","target":{"@type":"EntryPoint","urlTemplate":"https:\/\/www.ceaga.com\/en\/?s={search_term_string}"},"query-input":"required name=search_term_string"}],"inLanguage":"en-US"}]}},"_links":{"self":[{"href":"https:\/\/www.ceaga.com\/en\/wp-json\/wp\/v2\/pages\/1631"}],"collection":[{"href":"https:\/\/www.ceaga.com\/en\/wp-json\/wp\/v2\/pages"}],"about":[{"href":"https:\/\/www.ceaga.com\/en\/wp-json\/wp\/v2\/types\/page"}],"author":[{"embeddable":true,"href":"https:\/\/www.ceaga.com\/en\/wp-json\/wp\/v2\/users\/47"}],"replies":[{"embeddable":true,"href":"https:\/\/www.ceaga.com\/en\/wp-json\/wp\/v2\/comments?post=1631"}],"version-history":[{"count":19,"href":"https:\/\/www.ceaga.com\/en\/wp-json\/wp\/v2\/pages\/1631\/revisions"}],"predecessor-version":[{"id":23665,"href":"https:\/\/www.ceaga.com\/en\/wp-json\/wp\/v2\/pages\/1631\/revisions\/23665"}],"wp:attachment":[{"href":"https:\/\/www.ceaga.com\/en\/wp-json\/wp\/v2\/media?parent=1631"}],"curies":[{"name":"wp","href":"https:\/\/api.w.org\/{rel}","templated":true}]}}